{"id":63,"date":"2018-06-27T09:24:51","date_gmt":"2018-06-27T07:24:51","guid":{"rendered":"https:\/\/moblesllombart.com\/?page_id=63"},"modified":"2019-02-25T11:02:54","modified_gmt":"2019-02-25T09:02:54","slug":"aviso-legal","status":"publish","type":"page","link":"https:\/\/moblesllombart.com\/es\/aviso-legal\/","title":{"rendered":"Aviso legal"},"content":{"rendered":"<h2>Identificaci\u00f3n de Muebles&nbsp;Llombart&nbsp;S.C.<\/h2>\n<p>Muebles&nbsp;Llombart&nbsp;S.C. es una compa\u00f1\u00eda espa\u00f1ola con domicilio social a Avda. Catalu\u00f1a 12, 17520 Puigcerd\u00e1 (Girona); N.I.F. n\u00famero J-17550450.<\/p>\n<h2>Derechos de propiedad intelectual<\/h2>\n<p>Todos los contenidos de esta web son propiedad de Muebles&nbsp;Llombart&nbsp;S.C. En ning\u00fan caso, se entender\u00e1 que el acceso y navegaci\u00f3n del usuario, implica una renuncia, transmisi\u00f3n o cesi\u00f3n total o parcial de los derechos de propiedad intelectual, industrial y de imagen de la misma. Por lo tanto, se proh\u00edbe suprimir, eludir, adaptar o modificar el \u00abcopyright\u00bb, la informaci\u00f3n contenida en este website o su dise\u00f1o.<\/p>\n<p>As\u00ed mismo, se proh\u00edbe cualquier modalidad de explotaci\u00f3n, es decir, la reproducci\u00f3n, distribuci\u00f3n, comunicaci\u00f3n p\u00fablica y transformaci\u00f3n sin la autorizaci\u00f3n expresa de la empresa. Se proh\u00edbe la divulgaci\u00f3n, utilizaci\u00f3n, transmisi\u00f3n, distribuci\u00f3n, reproducci\u00f3n y transformaci\u00f3n, total o parcial, en cualquier apoyo o medio, de los contenidos de este website (incluyendo textos, datos, gr\u00e1ficos, v\u00eddeos, logotipos), sin el previo y expreso consentimiento de Muebles&nbsp;Llombart S.C. salvo que se indique el contrario o su uso sea a t\u00edtulo personal y no vulnere los derechos reconocidos a nuestra empresa por la legislaci\u00f3n vigente.<\/p>\n<h2>Garant\u00edas y responsabilidades<\/h2>\n<p>Muebles&nbsp;Llombart&nbsp;S.C. no garantiza el acceso continuo a los contenidos de su p\u00e1gina web, ni la ausencia de virus y \/ u otros componentes nocivos en el website o en sus servidores, ni tampoco su correcta visualizaci\u00f3n o descarga.<\/p>\n<p>La empresa no se responsabiliza de posibles da\u00f1os o perjuicios producidos por interferencias, interrupciones o desconexiones en el sistema que sean ajenos a su control ni tampoco de posibles da\u00f1os causados en el sistema inform\u00e1tico del usuario (hardware y software) como consecuencia del acceso a la p\u00e1gina web .<\/p>\n<p>Muebles&nbsp;Llombart&nbsp;S.C. no asume ning\u00fan tipo de responsabilidad por los contenidos de los enlaces de terceros a los que se haga referencia en la web.<\/p>\n<p>As\u00ed mismo, la empresa no asume ninguna responsabilidad que pueda derivarse de la falta de veracidad, integridad o actualizaci\u00f3n de la informaci\u00f3n que se ofrece en su p\u00e1gina web.<\/p>\n<h2>Duraci\u00f3n y modificaci\u00f3n<\/h2>\n<p>Muebles&nbsp;Llombart&nbsp;S.C. se reserva el derecho a modificar y\/o actualizar los t\u00e9rminos y condiciones establecidos en esta Web as\u00ed como sus contenidos. De forma que la vigencia temporal de estas condiciones quedar\u00e1 limitada al tiempo de su exposici\u00f3n.<\/p>\n<h2>Aceptaci\u00f3n de las condiciones generales<\/h2>\n<p>El acceso y navegaci\u00f3n por la p\u00e1gina web de Muebles&nbsp;Llombart&nbsp;S.C. comportar\u00e1 la aceptaci\u00f3n de las condiciones generales establecidas en este apartado.<\/p>\n<h2>Ley aplicable<\/h2>\n<p>Cualquier controversia o reclamaci\u00f3n procedente o relacionada con estas condiciones de uso ser\u00e1 regida por la Ley Espa\u00f1ola, siendo los juzgados y tribunales de Barcelona los \u00fanicos competentes para conocer de la materia.<\/p>\n<p>Si alguna de las estipulaciones contenidas en estas condiciones de uso es declarada ilegal, nula o inaplicable por decisi\u00f3n judicial, el resto de las estipulaciones seguir\u00e1n en pleno vigor y efecto.<\/p>\n","protected":false},"excerpt":{"rendered":"<p>Identificaci\u00f3n de Muebles&nbsp;Llombart&nbsp;S.C. Muebles&nbsp;Llombart&nbsp;S.C. es una compa\u00f1\u00eda espa\u00f1ola con domicilio social a Avda. Catalu\u00f1a 12, 17520 Puigcerd\u00e1 (Girona); N.I.F. n\u00famero J-17550450. Derechos de propiedad intelectual Todos los contenidos de esta web son propiedad de Muebles&nbsp;Llombart&nbsp;S.C. En ning\u00fan caso, se entender\u00e1 que el acceso y navegaci\u00f3n del usuario, implica una renuncia, transmisi\u00f3n o cesi\u00f3n total o &#8230; <a title=\"Aviso legal\" class=\"read-more\" href=\"https:\/\/moblesllombart.com\/es\/aviso-legal\/\" aria-label=\"Leer m\u00e1s sobre Aviso legal\">Leer m\u00e1s<\/a><\/p>\n","protected":false},"author":1,"featured_media":0,"parent":0,"menu_order":0,"comment_status":"closed","ping_status":"closed","template":"","meta":{"footnotes":""},"class_list":["post-63","page","type-page","status-publish"],"yoast_head":"<!-- This site is optimized with the Yoast SEO plugin v27.5 - https:\/\/yoast.com\/product\/yoast-seo-wordpress\/ -->\n<title>Aviso legal - Muebles Llombart<\/title>\n<meta name=\"robots\" content=\"noindex, follow\" \/>\n<meta property=\"og:locale\" content=\"es_ES\" \/>\n<meta property=\"og:type\" content=\"article\" \/>\n<meta property=\"og:title\" content=\"Aviso legal - Muebles Llombart\" \/>\n<meta property=\"og:description\" content=\"Identificaci\u00f3n de Muebles&nbsp;Llombart&nbsp;S.C. Muebles&nbsp;Llombart&nbsp;S.C. es una compa\u00f1\u00eda espa\u00f1ola con domicilio social a Avda. Catalu\u00f1a 12, 17520 Puigcerd\u00e1 (Girona); N.I.F. n\u00famero J-17550450. Derechos de propiedad intelectual Todos los contenidos de esta web son propiedad de Muebles&nbsp;Llombart&nbsp;S.C. En ning\u00fan caso, se entender\u00e1 que el acceso y navegaci\u00f3n del usuario, implica una renuncia, transmisi\u00f3n o cesi\u00f3n total o ... Leer m\u00e1s\" \/>\n<meta property=\"og:url\" content=\"https:\/\/moblesllombart.com\/es\/aviso-legal\/\" \/>\n<meta property=\"og:site_name\" content=\"Muebles Llombart\" \/>\n<meta property=\"article:modified_time\" content=\"2019-02-25T09:02:54+00:00\" \/>\n<meta name=\"twitter:card\" content=\"summary_large_image\" \/>\n<meta name=\"twitter:label1\" content=\"Tiempo de lectura\" \/>\n\t<meta name=\"twitter:data1\" content=\"3 minutos\" \/>\n<script type=\"application\/ld+json\" class=\"yoast-schema-graph\">{\"@context\":\"https:\\\/\\\/schema.org\",\"@graph\":[{\"@type\":\"WebPage\",\"@id\":\"https:\\\/\\\/moblesllombart.com\\\/es\\\/aviso-legal\\\/\",\"url\":\"https:\\\/\\\/moblesllombart.com\\\/es\\\/aviso-legal\\\/\",\"name\":\"Aviso legal - Muebles Llombart\",\"isPartOf\":{\"@id\":\"https:\\\/\\\/moblesllombart.com\\\/es\\\/#website\"},\"datePublished\":\"2018-06-27T07:24:51+00:00\",\"dateModified\":\"2019-02-25T09:02:54+00:00\",\"breadcrumb\":{\"@id\":\"https:\\\/\\\/moblesllombart.com\\\/es\\\/aviso-legal\\\/#breadcrumb\"},\"inLanguage\":\"es\",\"potentialAction\":[{\"@type\":\"ReadAction\",\"target\":[\"https:\\\/\\\/moblesllombart.com\\\/es\\\/aviso-legal\\\/\"]}]},{\"@type\":\"BreadcrumbList\",\"@id\":\"https:\\\/\\\/moblesllombart.com\\\/es\\\/aviso-legal\\\/#breadcrumb\",\"itemListElement\":[{\"@type\":\"ListItem\",\"position\":1,\"name\":\"Inici\",\"item\":\"https:\\\/\\\/moblesllombart.com\\\/es\\\/\"},{\"@type\":\"ListItem\",\"position\":2,\"name\":\"Aviso legal\"}]},{\"@type\":\"WebSite\",\"@id\":\"https:\\\/\\\/moblesllombart.com\\\/es\\\/#website\",\"url\":\"https:\\\/\\\/moblesllombart.com\\\/es\\\/\",\"name\":\"Muebles Llombart\",\"description\":\"Muebles y Colchones Puigcerd\u00e1 - Cerdanya\",\"publisher\":{\"@id\":\"https:\\\/\\\/moblesllombart.com\\\/es\\\/#organization\"},\"potentialAction\":[{\"@type\":\"SearchAction\",\"target\":{\"@type\":\"EntryPoint\",\"urlTemplate\":\"https:\\\/\\\/moblesllombart.com\\\/es\\\/?s={search_term_string}\"},\"query-input\":{\"@type\":\"PropertyValueSpecification\",\"valueRequired\":true,\"valueName\":\"search_term_string\"}}],\"inLanguage\":\"es\"},{\"@type\":\"Organization\",\"@id\":\"https:\\\/\\\/moblesllombart.com\\\/es\\\/#organization\",\"name\":\"Muebles Llombart\",\"url\":\"https:\\\/\\\/moblesllombart.com\\\/es\\\/\",\"logo\":{\"@type\":\"ImageObject\",\"inLanguage\":\"es\",\"@id\":\"https:\\\/\\\/moblesllombart.com\\\/es\\\/#\\\/schema\\\/logo\\\/image\\\/\",\"url\":\"https:\\\/\\\/moblesllombart.com\\\/wp-content\\\/uploads\\\/2019\\\/01\\\/mobles-llombart-1.svg\",\"contentUrl\":\"https:\\\/\\\/moblesllombart.com\\\/wp-content\\\/uploads\\\/2019\\\/01\\\/mobles-llombart-1.svg\",\"caption\":\"Muebles Llombart\"},\"image\":{\"@id\":\"https:\\\/\\\/moblesllombart.com\\\/es\\\/#\\\/schema\\\/logo\\\/image\\\/\"},\"sameAs\":[\"https:\\\/\\\/www.instagram.com\\\/moblesllombart\\\/\"]}]}<\/script>\n<!-- \/ Yoast SEO plugin. -->","yoast_head_json":{"title":"Aviso legal - Muebles Llombart","robots":{"index":"noindex","follow":"follow"},"og_locale":"es_ES","og_type":"article","og_title":"Aviso legal - Muebles Llombart","og_description":"Identificaci\u00f3n de Muebles&nbsp;Llombart&nbsp;S.C. Muebles&nbsp;Llombart&nbsp;S.C. es una compa\u00f1\u00eda espa\u00f1ola con domicilio social a Avda. Catalu\u00f1a 12, 17520 Puigcerd\u00e1 (Girona); N.I.F. n\u00famero J-17550450. Derechos de propiedad intelectual Todos los contenidos de esta web son propiedad de Muebles&nbsp;Llombart&nbsp;S.C. En ning\u00fan caso, se entender\u00e1 que el acceso y navegaci\u00f3n del usuario, implica una renuncia, transmisi\u00f3n o cesi\u00f3n total o ... Leer m\u00e1s","og_url":"https:\/\/moblesllombart.com\/es\/aviso-legal\/","og_site_name":"Muebles Llombart","article_modified_time":"2019-02-25T09:02:54+00:00","twitter_card":"summary_large_image","twitter_misc":{"Tiempo de lectura":"3 minutos"},"schema":{"@context":"https:\/\/schema.org","@graph":[{"@type":"WebPage","@id":"https:\/\/moblesllombart.com\/es\/aviso-legal\/","url":"https:\/\/moblesllombart.com\/es\/aviso-legal\/","name":"Aviso legal - Muebles Llombart","isPartOf":{"@id":"https:\/\/moblesllombart.com\/es\/#website"},"datePublished":"2018-06-27T07:24:51+00:00","dateModified":"2019-02-25T09:02:54+00:00","breadcrumb":{"@id":"https:\/\/moblesllombart.com\/es\/aviso-legal\/#breadcrumb"},"inLanguage":"es","potentialAction":[{"@type":"ReadAction","target":["https:\/\/moblesllombart.com\/es\/aviso-legal\/"]}]},{"@type":"BreadcrumbList","@id":"https:\/\/moblesllombart.com\/es\/aviso-legal\/#breadcrumb","itemListElement":[{"@type":"ListItem","position":1,"name":"Inici","item":"https:\/\/moblesllombart.com\/es\/"},{"@type":"ListItem","position":2,"name":"Aviso legal"}]},{"@type":"WebSite","@id":"https:\/\/moblesllombart.com\/es\/#website","url":"https:\/\/moblesllombart.com\/es\/","name":"Muebles Llombart","description":"Muebles y Colchones Puigcerd\u00e1 - Cerdanya","publisher":{"@id":"https:\/\/moblesllombart.com\/es\/#organization"},"potentialAction":[{"@type":"SearchAction","target":{"@type":"EntryPoint","urlTemplate":"https:\/\/moblesllombart.com\/es\/?s={search_term_string}"},"query-input":{"@type":"PropertyValueSpecification","valueRequired":true,"valueName":"search_term_string"}}],"inLanguage":"es"},{"@type":"Organization","@id":"https:\/\/moblesllombart.com\/es\/#organization","name":"Muebles Llombart","url":"https:\/\/moblesllombart.com\/es\/","logo":{"@type":"ImageObject","inLanguage":"es","@id":"https:\/\/moblesllombart.com\/es\/#\/schema\/logo\/image\/","url":"https:\/\/moblesllombart.com\/wp-content\/uploads\/2019\/01\/mobles-llombart-1.svg","contentUrl":"https:\/\/moblesllombart.com\/wp-content\/uploads\/2019\/01\/mobles-llombart-1.svg","caption":"Muebles Llombart"},"image":{"@id":"https:\/\/moblesllombart.com\/es\/#\/schema\/logo\/image\/"},"sameAs":["https:\/\/www.instagram.com\/moblesllombart\/"]}]}},"_links":{"self":[{"href":"https:\/\/moblesllombart.com\/es\/wp-json\/wp\/v2\/pages\/63","targetHints":{"allow":["GET"]}}],"collection":[{"href":"https:\/\/moblesllombart.com\/es\/wp-json\/wp\/v2\/pages"}],"about":[{"href":"https:\/\/moblesllombart.com\/es\/wp-json\/wp\/v2\/types\/page"}],"author":[{"embeddable":true,"href":"https:\/\/moblesllombart.com\/es\/wp-json\/wp\/v2\/users\/1"}],"replies":[{"embeddable":true,"href":"https:\/\/moblesllombart.com\/es\/wp-json\/wp\/v2\/comments?post=63"}],"version-history":[{"count":0,"href":"https:\/\/moblesllombart.com\/es\/wp-json\/wp\/v2\/pages\/63\/revisions"}],"wp:attachment":[{"href":"https:\/\/moblesllombart.com\/es\/wp-json\/wp\/v2\/media?parent=63"}],"curies":[{"name":"wp","href":"https:\/\/api.w.org\/{rel}","templated":true}]}}