{"id":568,"date":"2019-02-21T13:40:13","date_gmt":"2019-02-21T11:40:13","guid":{"rendered":"https:\/\/moblesllombart.com\/antiguitats-compra-venda-restauracio\/"},"modified":"2020-04-03T12:36:34","modified_gmt":"2020-04-03T10:36:34","slug":"antiguedades-compra-venta-restauracion","status":"publish","type":"page","link":"https:\/\/moblesllombart.com\/es\/antiguedades-compra-venta-restauracion\/","title":{"rendered":"Antig\u00fcedades"},"content":{"rendered":"\n<div class=\"wp-block-columns has-2-columns is-layout-flex wp-container-core-columns-is-layout-9d6595d7 wp-block-columns-is-layout-flex\">\n<div class=\"wp-block-column is-layout-flow wp-block-column-is-layout-flow\">\n<p>Las antig\u00fcedades son objetos que por su belleza, rareza o forma artesanal de construcci\u00f3n nos ofrecen un complemento \u00fanico en el dise\u00f1o de nuestros hogares. Son tambi\u00e9n en ocasiones piezas, bien sean muebles o complementos que nos recuerdan momentos felices del pasado. La decoraci\u00f3n con antig\u00fcedades nos permiten dar una personalidad \u00fanica a nuestra casa, en muchas ocasiones integrados correctamente con piezas modernas dan un contraste precioso.<\/p>\n\n\n\n<p>En Mobles LLombart amamos las antig\u00fcedades por eso somos especialistas en la compra, venta y restauraci\u00f3n de antig\u00fcedades.<\/p>\n\n\n\n<p>En nuestra tienda podr\u00e1 encontrar antig\u00fcedades que vamos actualizando constantemente, o bien en caso de disponer de una pieza antigua podremos establecer un valor justo para su compra-venta. En caso de desearlo podemos realizar restauraciones de muebles antiguos mediante un presupuesto sin compromiso para devolver la pieza a su estado original o en algunos casos incluso mejorarla.<\/p>\n\n\n\n<p>En caso de desearlo puede enviarnos fotograf\u00edas de sus antig\u00fcedades para poder valorarlas.<\/p>\n\n\n\n<div class=\"wp-block-button aligncenter\"><a class=\"wp-block-button__link no-border-radius\" href=\"https:\/\/moblesllombart.com\/es\/contacto\/\">CONTACTAR PARA M\u00c1S INFORMACI\u00d3N<\/a><\/div>\n\n\n\n<div style=\"height:50px\" aria-hidden=\"true\" class=\"wp-block-spacer\"><\/div>\n<\/div>\n\n\n\n<div class=\"wp-block-column is-layout-flow wp-block-column-is-layout-flow\">\n<figure class=\"wp-block-gallery columns-2 is-cropped wp-block-gallery-1 is-layout-flex wp-block-gallery-is-layout-flex\"><ul class=\"blocks-gallery-grid\"><li class=\"blocks-gallery-item\"><figure><img loading=\"lazy\" decoding=\"async\" width=\"800\" height=\"533\" src=\"https:\/\/moblesllombart.com\/wp-content\/uploads\/2019\/02\/antiguedades-puigcerda.jpg\" alt=\"Antig\u00fcedades Puigcerda\" data-id=\"556\" data-link=\"https:\/\/moblesllombart.com\/?attachment_id=556#main\" class=\"wp-image-556\" srcset=\"https:\/\/moblesllombart.com\/wp-content\/uploads\/2019\/02\/antiguedades-puigcerda.jpg 800w, https:\/\/moblesllombart.com\/wp-content\/uploads\/2019\/02\/antiguedades-puigcerda-300x200.jpg 300w, https:\/\/moblesllombart.com\/wp-content\/uploads\/2019\/02\/antiguedades-puigcerda-768x512.jpg 768w\" sizes=\"auto, (max-width: 800px) 100vw, 800px\" \/><\/figure><\/li><li class=\"blocks-gallery-item\"><figure><img loading=\"lazy\" decoding=\"async\" width=\"800\" height=\"568\" src=\"https:\/\/moblesllombart.com\/wp-content\/uploads\/2019\/02\/compra-venta-antiguedades-puigcerda.jpg\" alt=\"Compra venta antig\u00fcedades Puigcerda\" data-id=\"560\" data-link=\"https:\/\/moblesllombart.com\/?attachment_id=560#main\" class=\"wp-image-560\" srcset=\"https:\/\/moblesllombart.com\/wp-content\/uploads\/2019\/02\/compra-venta-antiguedades-puigcerda.jpg 800w, https:\/\/moblesllombart.com\/wp-content\/uploads\/2019\/02\/compra-venta-antiguedades-puigcerda-300x213.jpg 300w, https:\/\/moblesllombart.com\/wp-content\/uploads\/2019\/02\/compra-venta-antiguedades-puigcerda-768x545.jpg 768w\" sizes=\"auto, (max-width: 800px) 100vw, 800px\" \/><\/figure><\/li><li class=\"blocks-gallery-item\"><figure><img loading=\"lazy\" decoding=\"async\" width=\"800\" height=\"533\" src=\"https:\/\/moblesllombart.com\/wp-content\/uploads\/2019\/02\/restauracio-mobles-antics-puigcerda.jpg\" alt=\"Restauraci\u00f3 mobles antics Puigcerda\" data-id=\"562\" data-link=\"https:\/\/moblesllombart.com\/?attachment_id=562#main\" class=\"wp-image-562\" srcset=\"https:\/\/moblesllombart.com\/wp-content\/uploads\/2019\/02\/restauracio-mobles-antics-puigcerda.jpg 800w, https:\/\/moblesllombart.com\/wp-content\/uploads\/2019\/02\/restauracio-mobles-antics-puigcerda-300x200.jpg 300w, https:\/\/moblesllombart.com\/wp-content\/uploads\/2019\/02\/restauracio-mobles-antics-puigcerda-768x512.jpg 768w\" sizes=\"auto, (max-width: 800px) 100vw, 800px\" \/><\/figure><\/li><li class=\"blocks-gallery-item\"><figure><img loading=\"lazy\" decoding=\"async\" width=\"800\" height=\"800\" src=\"https:\/\/moblesllombart.com\/wp-content\/uploads\/2019\/02\/restauracion-antiguedades-muebles-puigcerda.jpg\" alt=\"Restauraci\u00f3n antig\u00fcedades muebles Puigcerda\" data-id=\"564\" data-link=\"https:\/\/moblesllombart.com\/?attachment_id=564#main\" class=\"wp-image-564\" srcset=\"https:\/\/moblesllombart.com\/wp-content\/uploads\/2019\/02\/restauracion-antiguedades-muebles-puigcerda.jpg 800w, https:\/\/moblesllombart.com\/wp-content\/uploads\/2019\/02\/restauracion-antiguedades-muebles-puigcerda-150x150.jpg 150w, https:\/\/moblesllombart.com\/wp-content\/uploads\/2019\/02\/restauracion-antiguedades-muebles-puigcerda-300x300.jpg 300w, https:\/\/moblesllombart.com\/wp-content\/uploads\/2019\/02\/restauracion-antiguedades-muebles-puigcerda-768x768.jpg 768w\" sizes=\"auto, (max-width: 800px) 100vw, 800px\" \/><\/figure><\/li><li class=\"blocks-gallery-item\"><figure><img loading=\"lazy\" decoding=\"async\" width=\"900\" height=\"622\" src=\"https:\/\/moblesllombart.com\/wp-content\/uploads\/2019\/02\/compra-venda-antiguetats-puigcerda.jpg\" alt=\"Compra venda antiguetats Puigcerda\" data-id=\"558\" data-link=\"https:\/\/moblesllombart.com\/?attachment_id=558#main\" class=\"wp-image-558\" srcset=\"https:\/\/moblesllombart.com\/wp-content\/uploads\/2019\/02\/compra-venda-antiguetats-puigcerda.jpg 900w, https:\/\/moblesllombart.com\/wp-content\/uploads\/2019\/02\/compra-venda-antiguetats-puigcerda-300x207.jpg 300w, https:\/\/moblesllombart.com\/wp-content\/uploads\/2019\/02\/compra-venda-antiguetats-puigcerda-768x531.jpg 768w\" sizes=\"auto, (max-width: 900px) 100vw, 900px\" \/><\/figure><\/li><\/ul><\/figure>\n<\/div>\n<\/div>\n","protected":false},"excerpt":{"rendered":"<p>Las antig\u00fcedades son objetos que por su belleza, rareza o forma artesanal de construcci\u00f3n nos ofrecen un complemento \u00fanico en el dise\u00f1o de nuestros hogares. Son tambi\u00e9n en ocasiones piezas, bien sean muebles o complementos que nos recuerdan momentos felices del pasado. La decoraci\u00f3n con antig\u00fcedades nos permiten dar una personalidad \u00fanica a nuestra casa, &#8230; <a title=\"Antig\u00fcedades\" class=\"read-more\" href=\"https:\/\/moblesllombart.com\/es\/antiguedades-compra-venta-restauracion\/\" aria-label=\"Leer m\u00e1s sobre Antig\u00fcedades\">Leer m\u00e1s<\/a><\/p>\n","protected":false},"author":1,"featured_media":565,"parent":0,"menu_order":0,"comment_status":"closed","ping_status":"closed","template":"","meta":{"footnotes":""},"class_list":["post-568","page","type-page","status-publish","has-post-thumbnail"],"yoast_head":"<!-- This site is optimized with the Yoast SEO plugin v27.4 - https:\/\/yoast.com\/product\/yoast-seo-wordpress\/ -->\n<title>Antig\u00fcedades compra, venta y restauraci\u00f3n Puigcerd\u00e0 - Muebles Llombart<\/title>\n<meta name=\"description\" content=\"Compra, venta y restauraci\u00f3n de antig\u00fcedades en Puigcerda. Mobles LLombart tienda de antig\u00fcedades. Mobiliario y complementos antig\u00fcos.\" \/>\n<meta name=\"robots\" content=\"index, follow, max-snippet:-1, max-image-preview:large, max-video-preview:-1\" \/>\n<link rel=\"canonical\" href=\"https:\/\/moblesllombart.com\/es\/antiguedades-compra-venta-restauracion\/\" \/>\n<meta property=\"og:locale\" content=\"es_ES\" \/>\n<meta property=\"og:type\" content=\"article\" \/>\n<meta property=\"og:title\" content=\"Antig\u00fcedades compra, venta y restauraci\u00f3n Puigcerd\u00e0 - Muebles Llombart\" \/>\n<meta property=\"og:description\" content=\"Compra, venta y restauraci\u00f3n de antig\u00fcedades en Puigcerda. Mobles LLombart tienda de antig\u00fcedades. Mobiliario y complementos antig\u00fcos.\" \/>\n<meta property=\"og:url\" content=\"https:\/\/moblesllombart.com\/es\/antiguedades-compra-venta-restauracion\/\" \/>\n<meta property=\"og:site_name\" content=\"Muebles Llombart\" \/>\n<meta property=\"article:modified_time\" content=\"2020-04-03T10:36:34+00:00\" \/>\n<meta property=\"og:image\" content=\"https:\/\/moblesllombart.com\/wp-content\/uploads\/2019\/02\/restauracion-antiguedades-muebles-puigcerda.jpg\" \/>\n\t<meta property=\"og:image:width\" content=\"800\" \/>\n\t<meta property=\"og:image:height\" content=\"800\" \/>\n\t<meta property=\"og:image:type\" content=\"image\/jpeg\" \/>\n<meta name=\"twitter:card\" content=\"summary_large_image\" \/>\n<meta name=\"twitter:label1\" content=\"Tiempo de lectura\" \/>\n\t<meta name=\"twitter:data1\" content=\"1 minuto\" \/>\n<script type=\"application\/ld+json\" class=\"yoast-schema-graph\">{\"@context\":\"https:\\\/\\\/schema.org\",\"@graph\":[{\"@type\":\"WebPage\",\"@id\":\"https:\\\/\\\/moblesllombart.com\\\/es\\\/antiguedades-compra-venta-restauracion\\\/\",\"url\":\"https:\\\/\\\/moblesllombart.com\\\/es\\\/antiguedades-compra-venta-restauracion\\\/\",\"name\":\"Antig\u00fcedades compra, venta y restauraci\u00f3n Puigcerd\u00e0 - Muebles Llombart\",\"isPartOf\":{\"@id\":\"https:\\\/\\\/moblesllombart.com\\\/es\\\/#website\"},\"primaryImageOfPage\":{\"@id\":\"https:\\\/\\\/moblesllombart.com\\\/es\\\/antiguedades-compra-venta-restauracion\\\/#primaryimage\"},\"image\":{\"@id\":\"https:\\\/\\\/moblesllombart.com\\\/es\\\/antiguedades-compra-venta-restauracion\\\/#primaryimage\"},\"thumbnailUrl\":\"https:\\\/\\\/moblesllombart.com\\\/wp-content\\\/uploads\\\/2019\\\/02\\\/restauracion-antiguedades-muebles-puigcerda.jpg\",\"datePublished\":\"2019-02-21T11:40:13+00:00\",\"dateModified\":\"2020-04-03T10:36:34+00:00\",\"description\":\"Compra, venta y restauraci\u00f3n de antig\u00fcedades en Puigcerda. Mobles LLombart tienda de antig\u00fcedades. Mobiliario y complementos antig\u00fcos.\",\"breadcrumb\":{\"@id\":\"https:\\\/\\\/moblesllombart.com\\\/es\\\/antiguedades-compra-venta-restauracion\\\/#breadcrumb\"},\"inLanguage\":\"es\",\"potentialAction\":[{\"@type\":\"ReadAction\",\"target\":[\"https:\\\/\\\/moblesllombart.com\\\/es\\\/antiguedades-compra-venta-restauracion\\\/\"]}]},{\"@type\":\"ImageObject\",\"inLanguage\":\"es\",\"@id\":\"https:\\\/\\\/moblesllombart.com\\\/es\\\/antiguedades-compra-venta-restauracion\\\/#primaryimage\",\"url\":\"https:\\\/\\\/moblesllombart.com\\\/wp-content\\\/uploads\\\/2019\\\/02\\\/restauracion-antiguedades-muebles-puigcerda.jpg\",\"contentUrl\":\"https:\\\/\\\/moblesllombart.com\\\/wp-content\\\/uploads\\\/2019\\\/02\\\/restauracion-antiguedades-muebles-puigcerda.jpg\",\"width\":800,\"height\":800,\"caption\":\"Restauraci\u00f3n antig\u00fcedades muebles Puigcerda\"},{\"@type\":\"BreadcrumbList\",\"@id\":\"https:\\\/\\\/moblesllombart.com\\\/es\\\/antiguedades-compra-venta-restauracion\\\/#breadcrumb\",\"itemListElement\":[{\"@type\":\"ListItem\",\"position\":1,\"name\":\"Inici\",\"item\":\"https:\\\/\\\/moblesllombart.com\\\/es\\\/\"},{\"@type\":\"ListItem\",\"position\":2,\"name\":\"Antig\u00fcedades\"}]},{\"@type\":\"WebSite\",\"@id\":\"https:\\\/\\\/moblesllombart.com\\\/es\\\/#website\",\"url\":\"https:\\\/\\\/moblesllombart.com\\\/es\\\/\",\"name\":\"Muebles Llombart\",\"description\":\"Muebles y Colchones Puigcerd\u00e1 - Cerdanya\",\"publisher\":{\"@id\":\"https:\\\/\\\/moblesllombart.com\\\/es\\\/#organization\"},\"potentialAction\":[{\"@type\":\"SearchAction\",\"target\":{\"@type\":\"EntryPoint\",\"urlTemplate\":\"https:\\\/\\\/moblesllombart.com\\\/es\\\/?s={search_term_string}\"},\"query-input\":{\"@type\":\"PropertyValueSpecification\",\"valueRequired\":true,\"valueName\":\"search_term_string\"}}],\"inLanguage\":\"es\"},{\"@type\":\"Organization\",\"@id\":\"https:\\\/\\\/moblesllombart.com\\\/es\\\/#organization\",\"name\":\"Muebles Llombart\",\"url\":\"https:\\\/\\\/moblesllombart.com\\\/es\\\/\",\"logo\":{\"@type\":\"ImageObject\",\"inLanguage\":\"es\",\"@id\":\"https:\\\/\\\/moblesllombart.com\\\/es\\\/#\\\/schema\\\/logo\\\/image\\\/\",\"url\":\"https:\\\/\\\/moblesllombart.com\\\/wp-content\\\/uploads\\\/2019\\\/01\\\/mobles-llombart-1.svg\",\"contentUrl\":\"https:\\\/\\\/moblesllombart.com\\\/wp-content\\\/uploads\\\/2019\\\/01\\\/mobles-llombart-1.svg\",\"caption\":\"Muebles Llombart\"},\"image\":{\"@id\":\"https:\\\/\\\/moblesllombart.com\\\/es\\\/#\\\/schema\\\/logo\\\/image\\\/\"},\"sameAs\":[\"https:\\\/\\\/www.instagram.com\\\/moblesllombart\\\/\"]}]}<\/script>\n<!-- \/ Yoast SEO plugin. -->","yoast_head_json":{"title":"Antig\u00fcedades compra, venta y restauraci\u00f3n Puigcerd\u00e0 - Muebles Llombart","description":"Compra, venta y restauraci\u00f3n de antig\u00fcedades en Puigcerda. Mobles LLombart tienda de antig\u00fcedades. Mobiliario y complementos antig\u00fcos.","robots":{"index":"index","follow":"follow","max-snippet":"max-snippet:-1","max-image-preview":"max-image-preview:large","max-video-preview":"max-video-preview:-1"},"canonical":"https:\/\/moblesllombart.com\/es\/antiguedades-compra-venta-restauracion\/","og_locale":"es_ES","og_type":"article","og_title":"Antig\u00fcedades compra, venta y restauraci\u00f3n Puigcerd\u00e0 - Muebles Llombart","og_description":"Compra, venta y restauraci\u00f3n de antig\u00fcedades en Puigcerda. Mobles LLombart tienda de antig\u00fcedades. Mobiliario y complementos antig\u00fcos.","og_url":"https:\/\/moblesllombart.com\/es\/antiguedades-compra-venta-restauracion\/","og_site_name":"Muebles Llombart","article_modified_time":"2020-04-03T10:36:34+00:00","og_image":[{"width":800,"height":800,"url":"https:\/\/moblesllombart.com\/wp-content\/uploads\/2019\/02\/restauracion-antiguedades-muebles-puigcerda.jpg","type":"image\/jpeg"}],"twitter_card":"summary_large_image","twitter_misc":{"Tiempo de lectura":"1 minuto"},"schema":{"@context":"https:\/\/schema.org","@graph":[{"@type":"WebPage","@id":"https:\/\/moblesllombart.com\/es\/antiguedades-compra-venta-restauracion\/","url":"https:\/\/moblesllombart.com\/es\/antiguedades-compra-venta-restauracion\/","name":"Antig\u00fcedades compra, venta y restauraci\u00f3n Puigcerd\u00e0 - Muebles Llombart","isPartOf":{"@id":"https:\/\/moblesllombart.com\/es\/#website"},"primaryImageOfPage":{"@id":"https:\/\/moblesllombart.com\/es\/antiguedades-compra-venta-restauracion\/#primaryimage"},"image":{"@id":"https:\/\/moblesllombart.com\/es\/antiguedades-compra-venta-restauracion\/#primaryimage"},"thumbnailUrl":"https:\/\/moblesllombart.com\/wp-content\/uploads\/2019\/02\/restauracion-antiguedades-muebles-puigcerda.jpg","datePublished":"2019-02-21T11:40:13+00:00","dateModified":"2020-04-03T10:36:34+00:00","description":"Compra, venta y restauraci\u00f3n de antig\u00fcedades en Puigcerda. Mobles LLombart tienda de antig\u00fcedades. Mobiliario y complementos antig\u00fcos.","breadcrumb":{"@id":"https:\/\/moblesllombart.com\/es\/antiguedades-compra-venta-restauracion\/#breadcrumb"},"inLanguage":"es","potentialAction":[{"@type":"ReadAction","target":["https:\/\/moblesllombart.com\/es\/antiguedades-compra-venta-restauracion\/"]}]},{"@type":"ImageObject","inLanguage":"es","@id":"https:\/\/moblesllombart.com\/es\/antiguedades-compra-venta-restauracion\/#primaryimage","url":"https:\/\/moblesllombart.com\/wp-content\/uploads\/2019\/02\/restauracion-antiguedades-muebles-puigcerda.jpg","contentUrl":"https:\/\/moblesllombart.com\/wp-content\/uploads\/2019\/02\/restauracion-antiguedades-muebles-puigcerda.jpg","width":800,"height":800,"caption":"Restauraci\u00f3n antig\u00fcedades muebles Puigcerda"},{"@type":"BreadcrumbList","@id":"https:\/\/moblesllombart.com\/es\/antiguedades-compra-venta-restauracion\/#breadcrumb","itemListElement":[{"@type":"ListItem","position":1,"name":"Inici","item":"https:\/\/moblesllombart.com\/es\/"},{"@type":"ListItem","position":2,"name":"Antig\u00fcedades"}]},{"@type":"WebSite","@id":"https:\/\/moblesllombart.com\/es\/#website","url":"https:\/\/moblesllombart.com\/es\/","name":"Muebles Llombart","description":"Muebles y Colchones Puigcerd\u00e1 - Cerdanya","publisher":{"@id":"https:\/\/moblesllombart.com\/es\/#organization"},"potentialAction":[{"@type":"SearchAction","target":{"@type":"EntryPoint","urlTemplate":"https:\/\/moblesllombart.com\/es\/?s={search_term_string}"},"query-input":{"@type":"PropertyValueSpecification","valueRequired":true,"valueName":"search_term_string"}}],"inLanguage":"es"},{"@type":"Organization","@id":"https:\/\/moblesllombart.com\/es\/#organization","name":"Muebles Llombart","url":"https:\/\/moblesllombart.com\/es\/","logo":{"@type":"ImageObject","inLanguage":"es","@id":"https:\/\/moblesllombart.com\/es\/#\/schema\/logo\/image\/","url":"https:\/\/moblesllombart.com\/wp-content\/uploads\/2019\/01\/mobles-llombart-1.svg","contentUrl":"https:\/\/moblesllombart.com\/wp-content\/uploads\/2019\/01\/mobles-llombart-1.svg","caption":"Muebles Llombart"},"image":{"@id":"https:\/\/moblesllombart.com\/es\/#\/schema\/logo\/image\/"},"sameAs":["https:\/\/www.instagram.com\/moblesllombart\/"]}]}},"_links":{"self":[{"href":"https:\/\/moblesllombart.com\/es\/wp-json\/wp\/v2\/pages\/568","targetHints":{"allow":["GET"]}}],"collection":[{"href":"https:\/\/moblesllombart.com\/es\/wp-json\/wp\/v2\/pages"}],"about":[{"href":"https:\/\/moblesllombart.com\/es\/wp-json\/wp\/v2\/types\/page"}],"author":[{"embeddable":true,"href":"https:\/\/moblesllombart.com\/es\/wp-json\/wp\/v2\/users\/1"}],"replies":[{"embeddable":true,"href":"https:\/\/moblesllombart.com\/es\/wp-json\/wp\/v2\/comments?post=568"}],"version-history":[{"count":0,"href":"https:\/\/moblesllombart.com\/es\/wp-json\/wp\/v2\/pages\/568\/revisions"}],"wp:featuredmedia":[{"embeddable":true,"href":"https:\/\/moblesllombart.com\/es\/wp-json\/wp\/v2\/media\/565"}],"wp:attachment":[{"href":"https:\/\/moblesllombart.com\/es\/wp-json\/wp\/v2\/media?parent=568"}],"curies":[{"name":"wp","href":"https:\/\/api.w.org\/{rel}","templated":true}]}}