{"id":505,"date":"2019-01-25T12:34:49","date_gmt":"2019-01-25T10:34:49","guid":{"rendered":"https:\/\/moblesllombart.com\/moble-auxiliar\/"},"modified":"2020-12-08T11:40:38","modified_gmt":"2020-12-08T09:40:38","slug":"mueble-auxiliar","status":"publish","type":"page","link":"https:\/\/moblesllombart.com\/es\/mueble-auxiliar\/","title":{"rendered":"Muebles auxiliares"},"content":{"rendered":"\n<div class=\"wp-block-columns has-2-columns is-layout-flex wp-container-core-columns-is-layout-9d6595d7 wp-block-columns-is-layout-flex\">\n<div class=\"wp-block-column is-layout-flow wp-block-column-is-layout-flow\">\n<p>Los muebles auxiliares tienen una gran importancia en su hogar. Su funcionalidad para almacenar y conservar el orden, los convierten en muebles muy pr\u00e1cticos y \u00fatiles para una bonita decoraci\u00f3n de la casa.<\/p>\n\n\n\n<p>Adem\u00e1s de pr\u00e1cticos los muebles auxiliares pueden ser un elemento decorativo que complementa y llenan los espacios vac\u00edos de su hogar de forma decorativa.<\/p>\n\n\n\n<p>En cualquier estancia de su casa pueden ser \u00fatiles pero especialmente en el recibidor, los muebles auxiliares son un complemento vital para al llegar a casa poder guardar objetos como paraguas, zatapatos, llaves y abrigos.<\/p>\n\n\n\n<p>En Muebles Llombart disponemos de mesas auxiliares para el recibidor o comedor, zapateros, taburetes, bancos y ba\u00fales, mesas rinconeras, cajoneras, peque\u00f1as estanter\u00edas, mesas de centro, muebles para el recibidor, muebles tv, botelleros y mesas de noche.<\/p>\n\n\n\n<p>Los muebles auxiliares nos hacen m\u00e1s f\u00e1cil el d\u00eda a d\u00eda y con nuestra amplia gama de estilos tanto r\u00fastico como moderno o colonial encontrar\u00e1 el mueble que se adaptar\u00e1 perfectamente a su estancia.<\/p>\n\n\n\n<div class=\"wp-block-button aligncenter\"><a class=\"wp-block-button__link no-border-radius\" href=\"https:\/\/moblesllombart.com\/es\/contacto\/\">CONTACTAR PARA M\u00c1S INFORMACI\u00d3N<\/a><\/div>\n\n\n\n<div style=\"height:50px\" aria-hidden=\"true\" class=\"wp-block-spacer\"><\/div>\n<\/div>\n\n\n\n<div class=\"wp-block-column is-layout-flow wp-block-column-is-layout-flow\">\n<figure class=\"wp-block-gallery columns-3 is-cropped wp-block-gallery-1 is-layout-flex wp-block-gallery-is-layout-flex\"><ul class=\"blocks-gallery-grid\"><li class=\"blocks-gallery-item\"><figure><img loading=\"lazy\" decoding=\"async\" width=\"683\" height=\"1024\" src=\"https:\/\/moblesllombart.com\/wp-content\/uploads\/2020\/12\/botiga-mobiliari-auxiliar-puigcerda-1-683x1024.jpg\" alt=\"\" data-id=\"842\" data-full-url=\"https:\/\/moblesllombart.com\/wp-content\/uploads\/2020\/12\/botiga-mobiliari-auxiliar-puigcerda-1.jpg\" data-link=\"https:\/\/moblesllombart.com\/mueble-auxiliar\/botiga-mobiliari-auxiliar-puigcerda-1\/#main\" class=\"wp-image-842\" srcset=\"https:\/\/moblesllombart.com\/wp-content\/uploads\/2020\/12\/botiga-mobiliari-auxiliar-puigcerda-1-683x1024.jpg 683w, https:\/\/moblesllombart.com\/wp-content\/uploads\/2020\/12\/botiga-mobiliari-auxiliar-puigcerda-1-200x300.jpg 200w, https:\/\/moblesllombart.com\/wp-content\/uploads\/2020\/12\/botiga-mobiliari-auxiliar-puigcerda-1-768x1152.jpg 768w, https:\/\/moblesllombart.com\/wp-content\/uploads\/2020\/12\/botiga-mobiliari-auxiliar-puigcerda-1.jpg 800w\" sizes=\"auto, (max-width: 683px) 100vw, 683px\" \/><\/figure><\/li><li class=\"blocks-gallery-item\"><figure><img loading=\"lazy\" decoding=\"async\" width=\"683\" height=\"1024\" src=\"https:\/\/moblesllombart.com\/wp-content\/uploads\/2020\/12\/mobiliari-auxiliar-puigcerda-1-683x1024.jpg\" alt=\"\" data-id=\"846\" data-full-url=\"https:\/\/moblesllombart.com\/wp-content\/uploads\/2020\/12\/mobiliari-auxiliar-puigcerda-1.jpg\" data-link=\"https:\/\/moblesllombart.com\/mueble-auxiliar\/mobiliari-auxiliar-puigcerda-1\/#main\" class=\"wp-image-846\" srcset=\"https:\/\/moblesllombart.com\/wp-content\/uploads\/2020\/12\/mobiliari-auxiliar-puigcerda-1-683x1024.jpg 683w, https:\/\/moblesllombart.com\/wp-content\/uploads\/2020\/12\/mobiliari-auxiliar-puigcerda-1-200x300.jpg 200w, https:\/\/moblesllombart.com\/wp-content\/uploads\/2020\/12\/mobiliari-auxiliar-puigcerda-1-768x1152.jpg 768w, https:\/\/moblesllombart.com\/wp-content\/uploads\/2020\/12\/mobiliari-auxiliar-puigcerda-1.jpg 800w\" sizes=\"auto, (max-width: 683px) 100vw, 683px\" \/><\/figure><\/li><li class=\"blocks-gallery-item\"><figure><img loading=\"lazy\" decoding=\"async\" width=\"683\" height=\"1024\" src=\"https:\/\/moblesllombart.com\/wp-content\/uploads\/2020\/12\/mobiliario-auxiliar-puigcerda-cerdanya-1-683x1024.jpg\" alt=\"\" data-id=\"848\" data-full-url=\"https:\/\/moblesllombart.com\/wp-content\/uploads\/2020\/12\/mobiliario-auxiliar-puigcerda-cerdanya-1.jpg\" data-link=\"https:\/\/moblesllombart.com\/mueble-auxiliar\/mobiliario-auxiliar-puigcerda-cerdanya-1\/#main\" class=\"wp-image-848\" srcset=\"https:\/\/moblesllombart.com\/wp-content\/uploads\/2020\/12\/mobiliario-auxiliar-puigcerda-cerdanya-1-683x1024.jpg 683w, https:\/\/moblesllombart.com\/wp-content\/uploads\/2020\/12\/mobiliario-auxiliar-puigcerda-cerdanya-1-200x300.jpg 200w, https:\/\/moblesllombart.com\/wp-content\/uploads\/2020\/12\/mobiliario-auxiliar-puigcerda-cerdanya-1-768x1152.jpg 768w, https:\/\/moblesllombart.com\/wp-content\/uploads\/2020\/12\/mobiliario-auxiliar-puigcerda-cerdanya-1.jpg 800w\" sizes=\"auto, (max-width: 683px) 100vw, 683px\" \/><\/figure><\/li><li class=\"blocks-gallery-item\"><figure><img loading=\"lazy\" decoding=\"async\" width=\"683\" height=\"1024\" src=\"https:\/\/moblesllombart.com\/wp-content\/uploads\/2020\/12\/moble-auxiliar-puigcerda-cerdanya-1-683x1024.jpg\" alt=\"\" data-id=\"850\" data-full-url=\"https:\/\/moblesllombart.com\/wp-content\/uploads\/2020\/12\/moble-auxiliar-puigcerda-cerdanya-1.jpg\" data-link=\"https:\/\/moblesllombart.com\/mueble-auxiliar\/moble-auxiliar-puigcerda-cerdanya-1\/#main\" class=\"wp-image-850\" srcset=\"https:\/\/moblesllombart.com\/wp-content\/uploads\/2020\/12\/moble-auxiliar-puigcerda-cerdanya-1-683x1024.jpg 683w, https:\/\/moblesllombart.com\/wp-content\/uploads\/2020\/12\/moble-auxiliar-puigcerda-cerdanya-1-200x300.jpg 200w, https:\/\/moblesllombart.com\/wp-content\/uploads\/2020\/12\/moble-auxiliar-puigcerda-cerdanya-1-768x1152.jpg 768w, https:\/\/moblesllombart.com\/wp-content\/uploads\/2020\/12\/moble-auxiliar-puigcerda-cerdanya-1.jpg 800w\" sizes=\"auto, (max-width: 683px) 100vw, 683px\" \/><\/figure><\/li><li class=\"blocks-gallery-item\"><figure><img loading=\"lazy\" decoding=\"async\" width=\"683\" height=\"1024\" src=\"https:\/\/moblesllombart.com\/wp-content\/uploads\/2020\/12\/mueble-auxiliar-en-puigcerda-1-683x1024.jpg\" alt=\"\" data-id=\"852\" data-full-url=\"https:\/\/moblesllombart.com\/wp-content\/uploads\/2020\/12\/mueble-auxiliar-en-puigcerda-1.jpg\" data-link=\"https:\/\/moblesllombart.com\/mueble-auxiliar\/mueble-auxiliar-en-puigcerda-1\/#main\" class=\"wp-image-852\" srcset=\"https:\/\/moblesllombart.com\/wp-content\/uploads\/2020\/12\/mueble-auxiliar-en-puigcerda-1-683x1024.jpg 683w, https:\/\/moblesllombart.com\/wp-content\/uploads\/2020\/12\/mueble-auxiliar-en-puigcerda-1-200x300.jpg 200w, https:\/\/moblesllombart.com\/wp-content\/uploads\/2020\/12\/mueble-auxiliar-en-puigcerda-1-768x1152.jpg 768w, https:\/\/moblesllombart.com\/wp-content\/uploads\/2020\/12\/mueble-auxiliar-en-puigcerda-1.jpg 800w\" sizes=\"auto, (max-width: 683px) 100vw, 683px\" \/><\/figure><\/li><li class=\"blocks-gallery-item\"><figure><img loading=\"lazy\" decoding=\"async\" width=\"683\" height=\"1024\" src=\"https:\/\/moblesllombart.com\/wp-content\/uploads\/2020\/12\/tienda-muebles-auxiliares-puigcerda-1-683x1024.jpg\" alt=\"\" data-id=\"854\" data-full-url=\"https:\/\/moblesllombart.com\/wp-content\/uploads\/2020\/12\/tienda-muebles-auxiliares-puigcerda-1.jpg\" data-link=\"https:\/\/moblesllombart.com\/mueble-auxiliar\/tienda-muebles-auxiliares-puigcerda-1\/#main\" class=\"wp-image-854\" srcset=\"https:\/\/moblesllombart.com\/wp-content\/uploads\/2020\/12\/tienda-muebles-auxiliares-puigcerda-1-683x1024.jpg 683w, https:\/\/moblesllombart.com\/wp-content\/uploads\/2020\/12\/tienda-muebles-auxiliares-puigcerda-1-200x300.jpg 200w, https:\/\/moblesllombart.com\/wp-content\/uploads\/2020\/12\/tienda-muebles-auxiliares-puigcerda-1-768x1152.jpg 768w, https:\/\/moblesllombart.com\/wp-content\/uploads\/2020\/12\/tienda-muebles-auxiliares-puigcerda-1.jpg 800w\" sizes=\"auto, (max-width: 683px) 100vw, 683px\" \/><\/figure><\/li><li class=\"blocks-gallery-item\"><figure><img loading=\"lazy\" decoding=\"async\" width=\"800\" height=\"533\" src=\"https:\/\/moblesllombart.com\/wp-content\/uploads\/2020\/12\/escritorio-muebles-auxiliares-puigcerda-1.jpg\" alt=\"\" data-id=\"844\" data-full-url=\"https:\/\/moblesllombart.com\/wp-content\/uploads\/2020\/12\/escritorio-muebles-auxiliares-puigcerda-1.jpg\" data-link=\"https:\/\/moblesllombart.com\/mueble-auxiliar\/escritorio-muebles-auxiliares-puigcerda-1\/#main\" class=\"wp-image-844\" srcset=\"https:\/\/moblesllombart.com\/wp-content\/uploads\/2020\/12\/escritorio-muebles-auxiliares-puigcerda-1.jpg 800w, https:\/\/moblesllombart.com\/wp-content\/uploads\/2020\/12\/escritorio-muebles-auxiliares-puigcerda-1-300x200.jpg 300w, https:\/\/moblesllombart.com\/wp-content\/uploads\/2020\/12\/escritorio-muebles-auxiliares-puigcerda-1-768x512.jpg 768w\" sizes=\"auto, (max-width: 800px) 100vw, 800px\" \/><\/figure><\/li><\/ul><\/figure>\n<\/div>\n<\/div>\n","protected":false},"excerpt":{"rendered":"<p>Los muebles auxiliares tienen una gran importancia en su hogar. Su funcionalidad para almacenar y conservar el orden, los convierten en muebles muy pr\u00e1cticos y \u00fatiles para una bonita decoraci\u00f3n de la casa. Adem\u00e1s de pr\u00e1cticos los muebles auxiliares pueden ser un elemento decorativo que complementa y llenan los espacios vac\u00edos de su hogar de &#8230; <a title=\"Muebles auxiliares\" class=\"read-more\" href=\"https:\/\/moblesllombart.com\/es\/mueble-auxiliar\/\" aria-label=\"Leer m\u00e1s sobre Muebles auxiliares\">Leer m\u00e1s<\/a><\/p>\n","protected":false},"author":1,"featured_media":500,"parent":0,"menu_order":0,"comment_status":"closed","ping_status":"closed","template":"","meta":{"footnotes":""},"class_list":["post-505","page","type-page","status-publish","has-post-thumbnail"],"yoast_head":"<!-- This site is optimized with the Yoast SEO plugin v27.4 - https:\/\/yoast.com\/product\/yoast-seo-wordpress\/ -->\n<title>Mueble auxiliar | Muebles auxiliares en Puigcerda - Muebles Llombart<\/title>\n<meta name=\"description\" content=\"Muebles auxiliares decorativos. Tienda especializada en muebles decorativos en Puigcerda al mejor precio.\" \/>\n<meta name=\"robots\" content=\"index, follow, max-snippet:-1, max-image-preview:large, max-video-preview:-1\" \/>\n<link rel=\"canonical\" href=\"https:\/\/moblesllombart.com\/es\/mueble-auxiliar\/\" \/>\n<meta property=\"og:locale\" content=\"es_ES\" \/>\n<meta property=\"og:type\" content=\"article\" \/>\n<meta property=\"og:title\" content=\"Mueble auxiliar | Muebles auxiliares en Puigcerda - Muebles Llombart\" \/>\n<meta property=\"og:description\" content=\"Muebles auxiliares decorativos. Tienda especializada en muebles decorativos en Puigcerda al mejor precio.\" \/>\n<meta property=\"og:url\" content=\"https:\/\/moblesllombart.com\/es\/mueble-auxiliar\/\" \/>\n<meta property=\"og:site_name\" content=\"Muebles Llombart\" \/>\n<meta property=\"article:modified_time\" content=\"2020-12-08T09:40:38+00:00\" \/>\n<meta property=\"og:image\" content=\"https:\/\/moblesllombart.com\/wp-content\/uploads\/2019\/01\/mueble-recividor-puigcerda.jpg\" \/>\n\t<meta property=\"og:image:width\" content=\"800\" \/>\n\t<meta property=\"og:image:height\" content=\"533\" \/>\n\t<meta property=\"og:image:type\" content=\"image\/jpeg\" \/>\n<meta name=\"twitter:card\" content=\"summary_large_image\" \/>\n<meta name=\"twitter:label1\" content=\"Tiempo de lectura\" \/>\n\t<meta name=\"twitter:data1\" content=\"1 minuto\" \/>\n<script type=\"application\/ld+json\" class=\"yoast-schema-graph\">{\"@context\":\"https:\\\/\\\/schema.org\",\"@graph\":[{\"@type\":\"WebPage\",\"@id\":\"https:\\\/\\\/moblesllombart.com\\\/es\\\/mueble-auxiliar\\\/\",\"url\":\"https:\\\/\\\/moblesllombart.com\\\/es\\\/mueble-auxiliar\\\/\",\"name\":\"Mueble auxiliar | Muebles auxiliares en Puigcerda - Muebles Llombart\",\"isPartOf\":{\"@id\":\"https:\\\/\\\/moblesllombart.com\\\/es\\\/#website\"},\"primaryImageOfPage\":{\"@id\":\"https:\\\/\\\/moblesllombart.com\\\/es\\\/mueble-auxiliar\\\/#primaryimage\"},\"image\":{\"@id\":\"https:\\\/\\\/moblesllombart.com\\\/es\\\/mueble-auxiliar\\\/#primaryimage\"},\"thumbnailUrl\":\"https:\\\/\\\/moblesllombart.com\\\/wp-content\\\/uploads\\\/2019\\\/01\\\/mueble-recividor-puigcerda.jpg\",\"datePublished\":\"2019-01-25T10:34:49+00:00\",\"dateModified\":\"2020-12-08T09:40:38+00:00\",\"description\":\"Muebles auxiliares decorativos. Tienda especializada en muebles decorativos en Puigcerda al mejor precio.\",\"breadcrumb\":{\"@id\":\"https:\\\/\\\/moblesllombart.com\\\/es\\\/mueble-auxiliar\\\/#breadcrumb\"},\"inLanguage\":\"es\",\"potentialAction\":[{\"@type\":\"ReadAction\",\"target\":[\"https:\\\/\\\/moblesllombart.com\\\/es\\\/mueble-auxiliar\\\/\"]}]},{\"@type\":\"ImageObject\",\"inLanguage\":\"es\",\"@id\":\"https:\\\/\\\/moblesllombart.com\\\/es\\\/mueble-auxiliar\\\/#primaryimage\",\"url\":\"https:\\\/\\\/moblesllombart.com\\\/wp-content\\\/uploads\\\/2019\\\/01\\\/mueble-recividor-puigcerda.jpg\",\"contentUrl\":\"https:\\\/\\\/moblesllombart.com\\\/wp-content\\\/uploads\\\/2019\\\/01\\\/mueble-recividor-puigcerda.jpg\",\"width\":800,\"height\":533,\"caption\":\"Mueble recibidor tienda en Puigcerda\"},{\"@type\":\"BreadcrumbList\",\"@id\":\"https:\\\/\\\/moblesllombart.com\\\/es\\\/mueble-auxiliar\\\/#breadcrumb\",\"itemListElement\":[{\"@type\":\"ListItem\",\"position\":1,\"name\":\"Inici\",\"item\":\"https:\\\/\\\/moblesllombart.com\\\/es\\\/\"},{\"@type\":\"ListItem\",\"position\":2,\"name\":\"Muebles auxiliares\"}]},{\"@type\":\"WebSite\",\"@id\":\"https:\\\/\\\/moblesllombart.com\\\/es\\\/#website\",\"url\":\"https:\\\/\\\/moblesllombart.com\\\/es\\\/\",\"name\":\"Muebles Llombart\",\"description\":\"Muebles y Colchones Puigcerd\u00e1 - Cerdanya\",\"publisher\":{\"@id\":\"https:\\\/\\\/moblesllombart.com\\\/es\\\/#organization\"},\"potentialAction\":[{\"@type\":\"SearchAction\",\"target\":{\"@type\":\"EntryPoint\",\"urlTemplate\":\"https:\\\/\\\/moblesllombart.com\\\/es\\\/?s={search_term_string}\"},\"query-input\":{\"@type\":\"PropertyValueSpecification\",\"valueRequired\":true,\"valueName\":\"search_term_string\"}}],\"inLanguage\":\"es\"},{\"@type\":\"Organization\",\"@id\":\"https:\\\/\\\/moblesllombart.com\\\/es\\\/#organization\",\"name\":\"Muebles Llombart\",\"url\":\"https:\\\/\\\/moblesllombart.com\\\/es\\\/\",\"logo\":{\"@type\":\"ImageObject\",\"inLanguage\":\"es\",\"@id\":\"https:\\\/\\\/moblesllombart.com\\\/es\\\/#\\\/schema\\\/logo\\\/image\\\/\",\"url\":\"https:\\\/\\\/moblesllombart.com\\\/wp-content\\\/uploads\\\/2019\\\/01\\\/mobles-llombart-1.svg\",\"contentUrl\":\"https:\\\/\\\/moblesllombart.com\\\/wp-content\\\/uploads\\\/2019\\\/01\\\/mobles-llombart-1.svg\",\"caption\":\"Muebles Llombart\"},\"image\":{\"@id\":\"https:\\\/\\\/moblesllombart.com\\\/es\\\/#\\\/schema\\\/logo\\\/image\\\/\"},\"sameAs\":[\"https:\\\/\\\/www.instagram.com\\\/moblesllombart\\\/\"]}]}<\/script>\n<!-- \/ Yoast SEO plugin. -->","yoast_head_json":{"title":"Mueble auxiliar | Muebles auxiliares en Puigcerda - Muebles Llombart","description":"Muebles auxiliares decorativos. Tienda especializada en muebles decorativos en Puigcerda al mejor precio.","robots":{"index":"index","follow":"follow","max-snippet":"max-snippet:-1","max-image-preview":"max-image-preview:large","max-video-preview":"max-video-preview:-1"},"canonical":"https:\/\/moblesllombart.com\/es\/mueble-auxiliar\/","og_locale":"es_ES","og_type":"article","og_title":"Mueble auxiliar | Muebles auxiliares en Puigcerda - Muebles Llombart","og_description":"Muebles auxiliares decorativos. Tienda especializada en muebles decorativos en Puigcerda al mejor precio.","og_url":"https:\/\/moblesllombart.com\/es\/mueble-auxiliar\/","og_site_name":"Muebles Llombart","article_modified_time":"2020-12-08T09:40:38+00:00","og_image":[{"width":800,"height":533,"url":"https:\/\/moblesllombart.com\/wp-content\/uploads\/2019\/01\/mueble-recividor-puigcerda.jpg","type":"image\/jpeg"}],"twitter_card":"summary_large_image","twitter_misc":{"Tiempo de lectura":"1 minuto"},"schema":{"@context":"https:\/\/schema.org","@graph":[{"@type":"WebPage","@id":"https:\/\/moblesllombart.com\/es\/mueble-auxiliar\/","url":"https:\/\/moblesllombart.com\/es\/mueble-auxiliar\/","name":"Mueble auxiliar | Muebles auxiliares en Puigcerda - Muebles Llombart","isPartOf":{"@id":"https:\/\/moblesllombart.com\/es\/#website"},"primaryImageOfPage":{"@id":"https:\/\/moblesllombart.com\/es\/mueble-auxiliar\/#primaryimage"},"image":{"@id":"https:\/\/moblesllombart.com\/es\/mueble-auxiliar\/#primaryimage"},"thumbnailUrl":"https:\/\/moblesllombart.com\/wp-content\/uploads\/2019\/01\/mueble-recividor-puigcerda.jpg","datePublished":"2019-01-25T10:34:49+00:00","dateModified":"2020-12-08T09:40:38+00:00","description":"Muebles auxiliares decorativos. Tienda especializada en muebles decorativos en Puigcerda al mejor precio.","breadcrumb":{"@id":"https:\/\/moblesllombart.com\/es\/mueble-auxiliar\/#breadcrumb"},"inLanguage":"es","potentialAction":[{"@type":"ReadAction","target":["https:\/\/moblesllombart.com\/es\/mueble-auxiliar\/"]}]},{"@type":"ImageObject","inLanguage":"es","@id":"https:\/\/moblesllombart.com\/es\/mueble-auxiliar\/#primaryimage","url":"https:\/\/moblesllombart.com\/wp-content\/uploads\/2019\/01\/mueble-recividor-puigcerda.jpg","contentUrl":"https:\/\/moblesllombart.com\/wp-content\/uploads\/2019\/01\/mueble-recividor-puigcerda.jpg","width":800,"height":533,"caption":"Mueble recibidor tienda en Puigcerda"},{"@type":"BreadcrumbList","@id":"https:\/\/moblesllombart.com\/es\/mueble-auxiliar\/#breadcrumb","itemListElement":[{"@type":"ListItem","position":1,"name":"Inici","item":"https:\/\/moblesllombart.com\/es\/"},{"@type":"ListItem","position":2,"name":"Muebles auxiliares"}]},{"@type":"WebSite","@id":"https:\/\/moblesllombart.com\/es\/#website","url":"https:\/\/moblesllombart.com\/es\/","name":"Muebles Llombart","description":"Muebles y Colchones Puigcerd\u00e1 - Cerdanya","publisher":{"@id":"https:\/\/moblesllombart.com\/es\/#organization"},"potentialAction":[{"@type":"SearchAction","target":{"@type":"EntryPoint","urlTemplate":"https:\/\/moblesllombart.com\/es\/?s={search_term_string}"},"query-input":{"@type":"PropertyValueSpecification","valueRequired":true,"valueName":"search_term_string"}}],"inLanguage":"es"},{"@type":"Organization","@id":"https:\/\/moblesllombart.com\/es\/#organization","name":"Muebles Llombart","url":"https:\/\/moblesllombart.com\/es\/","logo":{"@type":"ImageObject","inLanguage":"es","@id":"https:\/\/moblesllombart.com\/es\/#\/schema\/logo\/image\/","url":"https:\/\/moblesllombart.com\/wp-content\/uploads\/2019\/01\/mobles-llombart-1.svg","contentUrl":"https:\/\/moblesllombart.com\/wp-content\/uploads\/2019\/01\/mobles-llombart-1.svg","caption":"Muebles Llombart"},"image":{"@id":"https:\/\/moblesllombart.com\/es\/#\/schema\/logo\/image\/"},"sameAs":["https:\/\/www.instagram.com\/moblesllombart\/"]}]}},"_links":{"self":[{"href":"https:\/\/moblesllombart.com\/es\/wp-json\/wp\/v2\/pages\/505","targetHints":{"allow":["GET"]}}],"collection":[{"href":"https:\/\/moblesllombart.com\/es\/wp-json\/wp\/v2\/pages"}],"about":[{"href":"https:\/\/moblesllombart.com\/es\/wp-json\/wp\/v2\/types\/page"}],"author":[{"embeddable":true,"href":"https:\/\/moblesllombart.com\/es\/wp-json\/wp\/v2\/users\/1"}],"replies":[{"embeddable":true,"href":"https:\/\/moblesllombart.com\/es\/wp-json\/wp\/v2\/comments?post=505"}],"version-history":[{"count":0,"href":"https:\/\/moblesllombart.com\/es\/wp-json\/wp\/v2\/pages\/505\/revisions"}],"wp:featuredmedia":[{"embeddable":true,"href":"https:\/\/moblesllombart.com\/es\/wp-json\/wp\/v2\/media\/500"}],"wp:attachment":[{"href":"https:\/\/moblesllombart.com\/es\/wp-json\/wp\/v2\/media?parent=505"}],"curies":[{"name":"wp","href":"https:\/\/api.w.org\/{rel}","templated":true}]}}