{"id":429,"date":"2019-01-11T13:30:07","date_gmt":"2019-01-11T11:30:07","guid":{"rendered":"https:\/\/moblesllombart.com\/mobles-salo-menjador-puigcerda\/"},"modified":"2021-01-04T11:43:07","modified_gmt":"2021-01-04T09:43:07","slug":"muebles-salon-comedor-puigcerda","status":"publish","type":"page","link":"https:\/\/moblesllombart.com\/es\/muebles-salon-comedor-puigcerda\/","title":{"rendered":"Sal\u00f3n comedor"},"content":{"rendered":"\n<div class=\"wp-block-columns has-2-columns is-layout-flex wp-container-core-columns-is-layout-9d6595d7 wp-block-columns-is-layout-flex\">\n<div class=\"wp-block-column is-layout-flow wp-block-column-is-layout-flow\">\n<p>La decoraci\u00f3n de su sal\u00f3n comedor es f\u00e1cil con Muebles LLombart. Somos especialistas en muebles de sal\u00f3n comedor. disponemos de una amplia exposici\u00f3n de mueble r\u00fastico y moderno en Puigcerd\u00e0 que incluye <strong>mesas, sillas, muebles de comedor, aparadores, muebles TV y mesas de centro<\/strong>.<\/p>\n\n\n\n<p>En diferentes medidas, tanto para espacios reducidos como para amplios salones nuestro cat\u00e1logo apuesta por la funcionalidad, robustez y dise\u00f1o para garantizar un sal\u00f3n comedor c\u00e1lido y acogedor.<\/p>\n\n\n\n<p>El televisor ha pasado a ocupar un lugar destacado en los salones de nuestros hogares. En Muebles Llombart encontrara diversas opciones y medidas de muebles TV que encajar\u00e1n con sus necesidades.<\/p>\n\n\n\n<p>Nuestra gama de precios le permitir\u00e1n amueblar su sal\u00f3n a precios econ\u00f3micos.<\/p>\n\n\n\n<div class=\"wp-block-button aligncenter\"><a class=\"wp-block-button__link no-border-radius\" href=\"https:\/\/moblesllombart.com\/es\/contacto\/\">CONTACTAR PARA M\u00c1S INFORMACI\u00d3N<\/a><\/div>\n\n\n\n<div style=\"height:50px\" aria-hidden=\"true\" class=\"wp-block-spacer\"><\/div>\n<\/div>\n\n\n\n<div class=\"wp-block-column is-layout-flow wp-block-column-is-layout-flow\">\n<figure class=\"wp-block-gallery columns-3 is-cropped wp-block-gallery-1 is-layout-flex wp-block-gallery-is-layout-flex\"><ul class=\"blocks-gallery-grid\"><li class=\"blocks-gallery-item\"><figure><img loading=\"lazy\" decoding=\"async\" width=\"800\" height=\"533\" src=\"https:\/\/moblesllombart.com\/wp-content\/uploads\/2021\/01\/cadires-botiga-puigcerda.jpg\" alt=\"\" data-id=\"875\" data-full-url=\"https:\/\/moblesllombart.com\/wp-content\/uploads\/2021\/01\/cadires-botiga-puigcerda.jpg\" data-link=\"https:\/\/moblesllombart.com\/muebles-salon-comedor-puigcerda\/cadires-botiga-puigcerda\/#main\" class=\"wp-image-875\" srcset=\"https:\/\/moblesllombart.com\/wp-content\/uploads\/2021\/01\/cadires-botiga-puigcerda.jpg 800w, https:\/\/moblesllombart.com\/wp-content\/uploads\/2021\/01\/cadires-botiga-puigcerda-300x200.jpg 300w, https:\/\/moblesllombart.com\/wp-content\/uploads\/2021\/01\/cadires-botiga-puigcerda-768x512.jpg 768w\" sizes=\"auto, (max-width: 800px) 100vw, 800px\" \/><\/figure><\/li><li class=\"blocks-gallery-item\"><figure><img loading=\"lazy\" decoding=\"async\" width=\"800\" height=\"533\" src=\"https:\/\/moblesllombart.com\/wp-content\/uploads\/2021\/01\/tienda-sillas-puigcerda.jpg\" alt=\"\" data-id=\"891\" data-full-url=\"https:\/\/moblesllombart.com\/wp-content\/uploads\/2021\/01\/tienda-sillas-puigcerda.jpg\" data-link=\"https:\/\/moblesllombart.com\/muebles-salon-comedor-puigcerda\/tienda-sillas-puigcerda\/#main\" class=\"wp-image-891\" srcset=\"https:\/\/moblesllombart.com\/wp-content\/uploads\/2021\/01\/tienda-sillas-puigcerda.jpg 800w, https:\/\/moblesllombart.com\/wp-content\/uploads\/2021\/01\/tienda-sillas-puigcerda-300x200.jpg 300w, https:\/\/moblesllombart.com\/wp-content\/uploads\/2021\/01\/tienda-sillas-puigcerda-768x512.jpg 768w\" sizes=\"auto, (max-width: 800px) 100vw, 800px\" \/><\/figure><\/li><li class=\"blocks-gallery-item\"><figure><img loading=\"lazy\" decoding=\"async\" width=\"800\" height=\"533\" src=\"https:\/\/moblesllombart.com\/wp-content\/uploads\/2021\/01\/mobles-salo-puigcerda.jpg\" alt=\"\" data-id=\"881\" data-full-url=\"https:\/\/moblesllombart.com\/wp-content\/uploads\/2021\/01\/mobles-salo-puigcerda.jpg\" data-link=\"https:\/\/moblesllombart.com\/muebles-salon-comedor-puigcerda\/mobles-salo-puigcerda\/#main\" class=\"wp-image-881\" srcset=\"https:\/\/moblesllombart.com\/wp-content\/uploads\/2021\/01\/mobles-salo-puigcerda.jpg 800w, https:\/\/moblesllombart.com\/wp-content\/uploads\/2021\/01\/mobles-salo-puigcerda-300x200.jpg 300w, https:\/\/moblesllombart.com\/wp-content\/uploads\/2021\/01\/mobles-salo-puigcerda-768x512.jpg 768w\" sizes=\"auto, (max-width: 800px) 100vw, 800px\" \/><\/figure><\/li><li class=\"blocks-gallery-item\"><figure><img loading=\"lazy\" decoding=\"async\" width=\"800\" height=\"533\" src=\"https:\/\/moblesllombart.com\/wp-content\/uploads\/2021\/01\/muebles-comedor-puigcerda.jpg\" alt=\"\" data-id=\"883\" data-full-url=\"https:\/\/moblesllombart.com\/wp-content\/uploads\/2021\/01\/muebles-comedor-puigcerda.jpg\" data-link=\"https:\/\/moblesllombart.com\/muebles-salon-comedor-puigcerda\/muebles-comedor-puigcerda\/#main\" class=\"wp-image-883\" srcset=\"https:\/\/moblesllombart.com\/wp-content\/uploads\/2021\/01\/muebles-comedor-puigcerda.jpg 800w, https:\/\/moblesllombart.com\/wp-content\/uploads\/2021\/01\/muebles-comedor-puigcerda-300x200.jpg 300w, https:\/\/moblesllombart.com\/wp-content\/uploads\/2021\/01\/muebles-comedor-puigcerda-768x512.jpg 768w\" sizes=\"auto, (max-width: 800px) 100vw, 800px\" \/><\/figure><\/li><li class=\"blocks-gallery-item\"><figure><img loading=\"lazy\" decoding=\"async\" width=\"800\" height=\"533\" src=\"https:\/\/moblesllombart.com\/wp-content\/uploads\/2021\/01\/muebles-para-salon-llombart.jpg\" alt=\"\" data-id=\"885\" data-full-url=\"https:\/\/moblesllombart.com\/wp-content\/uploads\/2021\/01\/muebles-para-salon-llombart.jpg\" data-link=\"https:\/\/moblesllombart.com\/muebles-salon-comedor-puigcerda\/muebles-para-salon-llombart\/#main\" class=\"wp-image-885\" srcset=\"https:\/\/moblesllombart.com\/wp-content\/uploads\/2021\/01\/muebles-para-salon-llombart.jpg 800w, https:\/\/moblesllombart.com\/wp-content\/uploads\/2021\/01\/muebles-para-salon-llombart-300x200.jpg 300w, https:\/\/moblesllombart.com\/wp-content\/uploads\/2021\/01\/muebles-para-salon-llombart-768x512.jpg 768w\" sizes=\"auto, (max-width: 800px) 100vw, 800px\" \/><\/figure><\/li><li class=\"blocks-gallery-item\"><figure><img loading=\"lazy\" decoding=\"async\" width=\"800\" height=\"533\" src=\"https:\/\/moblesllombart.com\/wp-content\/uploads\/2021\/01\/taules-cadires-puigcerda.jpg\" alt=\"\" data-id=\"887\" data-full-url=\"https:\/\/moblesllombart.com\/wp-content\/uploads\/2021\/01\/taules-cadires-puigcerda.jpg\" data-link=\"https:\/\/moblesllombart.com\/muebles-salon-comedor-puigcerda\/taules-cadires-puigcerda\/#main\" class=\"wp-image-887\" srcset=\"https:\/\/moblesllombart.com\/wp-content\/uploads\/2021\/01\/taules-cadires-puigcerda.jpg 800w, https:\/\/moblesllombart.com\/wp-content\/uploads\/2021\/01\/taules-cadires-puigcerda-300x200.jpg 300w, https:\/\/moblesllombart.com\/wp-content\/uploads\/2021\/01\/taules-cadires-puigcerda-768x512.jpg 768w\" sizes=\"auto, (max-width: 800px) 100vw, 800px\" \/><\/figure><\/li><li class=\"blocks-gallery-item\"><figure><img loading=\"lazy\" decoding=\"async\" width=\"600\" height=\"900\" src=\"https:\/\/moblesllombart.com\/wp-content\/uploads\/2021\/01\/mobles-menjador-puigcerda.jpg\" alt=\"\" data-id=\"879\" data-full-url=\"https:\/\/moblesllombart.com\/wp-content\/uploads\/2021\/01\/mobles-menjador-puigcerda.jpg\" data-link=\"https:\/\/moblesllombart.com\/muebles-salon-comedor-puigcerda\/mobles-menjador-puigcerda\/#main\" class=\"wp-image-879\" srcset=\"https:\/\/moblesllombart.com\/wp-content\/uploads\/2021\/01\/mobles-menjador-puigcerda.jpg 600w, https:\/\/moblesllombart.com\/wp-content\/uploads\/2021\/01\/mobles-menjador-puigcerda-200x300.jpg 200w\" sizes=\"auto, (max-width: 600px) 100vw, 600px\" \/><\/figure><\/li><li class=\"blocks-gallery-item\"><figure><img loading=\"lazy\" decoding=\"async\" width=\"600\" height=\"900\" src=\"https:\/\/moblesllombart.com\/wp-content\/uploads\/2021\/01\/tienda-muebles-salon.jpg\" alt=\"\" data-id=\"889\" data-full-url=\"https:\/\/moblesllombart.com\/wp-content\/uploads\/2021\/01\/tienda-muebles-salon.jpg\" data-link=\"https:\/\/moblesllombart.com\/muebles-salon-comedor-puigcerda\/tienda-muebles-salon\/#main\" class=\"wp-image-889\" srcset=\"https:\/\/moblesllombart.com\/wp-content\/uploads\/2021\/01\/tienda-muebles-salon.jpg 600w, https:\/\/moblesllombart.com\/wp-content\/uploads\/2021\/01\/tienda-muebles-salon-200x300.jpg 200w\" sizes=\"auto, (max-width: 600px) 100vw, 600px\" \/><\/figure><\/li><li class=\"blocks-gallery-item\"><figure><img loading=\"lazy\" decoding=\"async\" width=\"600\" height=\"900\" src=\"https:\/\/moblesllombart.com\/wp-content\/uploads\/2021\/01\/botiga-mobles-salo.jpg\" alt=\"\" data-id=\"873\" data-full-url=\"https:\/\/moblesllombart.com\/wp-content\/uploads\/2021\/01\/botiga-mobles-salo.jpg\" data-link=\"https:\/\/moblesllombart.com\/muebles-salon-comedor-puigcerda\/botiga-mobles-salo\/#main\" class=\"wp-image-873\" srcset=\"https:\/\/moblesllombart.com\/wp-content\/uploads\/2021\/01\/botiga-mobles-salo.jpg 600w, https:\/\/moblesllombart.com\/wp-content\/uploads\/2021\/01\/botiga-mobles-salo-200x300.jpg 200w\" sizes=\"auto, (max-width: 600px) 100vw, 600px\" \/><\/figure><\/li><li class=\"blocks-gallery-item\"><figure><img loading=\"lazy\" decoding=\"async\" width=\"800\" height=\"533\" src=\"https:\/\/moblesllombart.com\/wp-content\/uploads\/2021\/01\/mesas-comedor-puigcerda.jpg\" alt=\"\" data-id=\"877\" data-full-url=\"https:\/\/moblesllombart.com\/wp-content\/uploads\/2021\/01\/mesas-comedor-puigcerda.jpg\" data-link=\"https:\/\/moblesllombart.com\/muebles-salon-comedor-puigcerda\/mesas-comedor-puigcerda\/#main\" class=\"wp-image-877\" srcset=\"https:\/\/moblesllombart.com\/wp-content\/uploads\/2021\/01\/mesas-comedor-puigcerda.jpg 800w, https:\/\/moblesllombart.com\/wp-content\/uploads\/2021\/01\/mesas-comedor-puigcerda-300x200.jpg 300w, https:\/\/moblesllombart.com\/wp-content\/uploads\/2021\/01\/mesas-comedor-puigcerda-768x512.jpg 768w\" sizes=\"auto, (max-width: 800px) 100vw, 800px\" \/><\/figure><\/li><\/ul><\/figure>\n<\/div>\n<\/div>\n","protected":false},"excerpt":{"rendered":"<p>La decoraci\u00f3n de su sal\u00f3n comedor es f\u00e1cil con Muebles LLombart. Somos especialistas en muebles de sal\u00f3n comedor. disponemos de una amplia exposici\u00f3n de mueble r\u00fastico y moderno en Puigcerd\u00e0 que incluye mesas, sillas, muebles de comedor, aparadores, muebles TV y mesas de centro. En diferentes medidas, tanto para espacios reducidos como para amplios salones &#8230; <a title=\"Sal\u00f3n comedor\" class=\"read-more\" href=\"https:\/\/moblesllombart.com\/es\/muebles-salon-comedor-puigcerda\/\" aria-label=\"Leer m\u00e1s sobre Sal\u00f3n comedor\">Leer m\u00e1s<\/a><\/p>\n","protected":false},"author":1,"featured_media":413,"parent":0,"menu_order":0,"comment_status":"closed","ping_status":"closed","template":"","meta":{"footnotes":""},"class_list":["post-429","page","type-page","status-publish","has-post-thumbnail"],"yoast_head":"<!-- This site is optimized with the Yoast SEO plugin v27.5 - https:\/\/yoast.com\/product\/yoast-seo-wordpress\/ -->\n<title>Muebles sal\u00f3n comedor Puigcerda - Muebles Llombart<\/title>\n<meta name=\"description\" content=\"Tienda de muebles de sal\u00f3n comedor en Puigcerd\u00e0. En Mobles LLombart encontrar\u00e0 mesas y sillas r\u00fasticas y modernas, muebles TV, calidad y funcionalidad.\" \/>\n<meta name=\"robots\" content=\"index, follow, max-snippet:-1, max-image-preview:large, max-video-preview:-1\" \/>\n<link rel=\"canonical\" href=\"https:\/\/moblesllombart.com\/es\/muebles-salon-comedor-puigcerda\/\" \/>\n<meta property=\"og:locale\" content=\"es_ES\" \/>\n<meta property=\"og:type\" content=\"article\" \/>\n<meta property=\"og:title\" content=\"Muebles sal\u00f3n comedor Puigcerda - Muebles Llombart\" \/>\n<meta property=\"og:description\" content=\"Tienda de muebles de sal\u00f3n comedor en Puigcerd\u00e0. En Mobles LLombart encontrar\u00e0 mesas y sillas r\u00fasticas y modernas, muebles TV, calidad y funcionalidad.\" \/>\n<meta property=\"og:url\" content=\"https:\/\/moblesllombart.com\/es\/muebles-salon-comedor-puigcerda\/\" \/>\n<meta property=\"og:site_name\" content=\"Muebles Llombart\" \/>\n<meta property=\"article:modified_time\" content=\"2021-01-04T09:43:07+00:00\" \/>\n<meta property=\"og:image\" content=\"https:\/\/moblesllombart.com\/wp-content\/uploads\/2019\/01\/mobles-menjador-puigcerda.jpg\" \/>\n\t<meta property=\"og:image:width\" content=\"900\" \/>\n\t<meta property=\"og:image:height\" content=\"675\" \/>\n\t<meta property=\"og:image:type\" content=\"image\/jpeg\" \/>\n<meta name=\"twitter:card\" content=\"summary_large_image\" \/>\n<meta name=\"twitter:label1\" content=\"Tiempo de lectura\" \/>\n\t<meta name=\"twitter:data1\" content=\"1 minuto\" \/>\n<script type=\"application\/ld+json\" class=\"yoast-schema-graph\">{\"@context\":\"https:\\\/\\\/schema.org\",\"@graph\":[{\"@type\":\"WebPage\",\"@id\":\"https:\\\/\\\/moblesllombart.com\\\/es\\\/muebles-salon-comedor-puigcerda\\\/\",\"url\":\"https:\\\/\\\/moblesllombart.com\\\/es\\\/muebles-salon-comedor-puigcerda\\\/\",\"name\":\"Muebles sal\u00f3n comedor Puigcerda - Muebles Llombart\",\"isPartOf\":{\"@id\":\"https:\\\/\\\/moblesllombart.com\\\/es\\\/#website\"},\"primaryImageOfPage\":{\"@id\":\"https:\\\/\\\/moblesllombart.com\\\/es\\\/muebles-salon-comedor-puigcerda\\\/#primaryimage\"},\"image\":{\"@id\":\"https:\\\/\\\/moblesllombart.com\\\/es\\\/muebles-salon-comedor-puigcerda\\\/#primaryimage\"},\"thumbnailUrl\":\"https:\\\/\\\/moblesllombart.com\\\/wp-content\\\/uploads\\\/2019\\\/01\\\/mobles-menjador-puigcerda.jpg\",\"datePublished\":\"2019-01-11T11:30:07+00:00\",\"dateModified\":\"2021-01-04T09:43:07+00:00\",\"description\":\"Tienda de muebles de sal\u00f3n comedor en Puigcerd\u00e0. En Mobles LLombart encontrar\u00e0 mesas y sillas r\u00fasticas y modernas, muebles TV, calidad y funcionalidad.\",\"breadcrumb\":{\"@id\":\"https:\\\/\\\/moblesllombart.com\\\/es\\\/muebles-salon-comedor-puigcerda\\\/#breadcrumb\"},\"inLanguage\":\"es\",\"potentialAction\":[{\"@type\":\"ReadAction\",\"target\":[\"https:\\\/\\\/moblesllombart.com\\\/es\\\/muebles-salon-comedor-puigcerda\\\/\"]}]},{\"@type\":\"ImageObject\",\"inLanguage\":\"es\",\"@id\":\"https:\\\/\\\/moblesllombart.com\\\/es\\\/muebles-salon-comedor-puigcerda\\\/#primaryimage\",\"url\":\"https:\\\/\\\/moblesllombart.com\\\/wp-content\\\/uploads\\\/2019\\\/01\\\/mobles-menjador-puigcerda.jpg\",\"contentUrl\":\"https:\\\/\\\/moblesllombart.com\\\/wp-content\\\/uploads\\\/2019\\\/01\\\/mobles-menjador-puigcerda.jpg\",\"width\":900,\"height\":675,\"caption\":\"Mobles menjador Puigcerda\"},{\"@type\":\"BreadcrumbList\",\"@id\":\"https:\\\/\\\/moblesllombart.com\\\/es\\\/muebles-salon-comedor-puigcerda\\\/#breadcrumb\",\"itemListElement\":[{\"@type\":\"ListItem\",\"position\":1,\"name\":\"Inici\",\"item\":\"https:\\\/\\\/moblesllombart.com\\\/es\\\/\"},{\"@type\":\"ListItem\",\"position\":2,\"name\":\"Sal\u00f3n comedor\"}]},{\"@type\":\"WebSite\",\"@id\":\"https:\\\/\\\/moblesllombart.com\\\/es\\\/#website\",\"url\":\"https:\\\/\\\/moblesllombart.com\\\/es\\\/\",\"name\":\"Muebles Llombart\",\"description\":\"Muebles y Colchones Puigcerd\u00e1 - Cerdanya\",\"publisher\":{\"@id\":\"https:\\\/\\\/moblesllombart.com\\\/es\\\/#organization\"},\"potentialAction\":[{\"@type\":\"SearchAction\",\"target\":{\"@type\":\"EntryPoint\",\"urlTemplate\":\"https:\\\/\\\/moblesllombart.com\\\/es\\\/?s={search_term_string}\"},\"query-input\":{\"@type\":\"PropertyValueSpecification\",\"valueRequired\":true,\"valueName\":\"search_term_string\"}}],\"inLanguage\":\"es\"},{\"@type\":\"Organization\",\"@id\":\"https:\\\/\\\/moblesllombart.com\\\/es\\\/#organization\",\"name\":\"Muebles Llombart\",\"url\":\"https:\\\/\\\/moblesllombart.com\\\/es\\\/\",\"logo\":{\"@type\":\"ImageObject\",\"inLanguage\":\"es\",\"@id\":\"https:\\\/\\\/moblesllombart.com\\\/es\\\/#\\\/schema\\\/logo\\\/image\\\/\",\"url\":\"https:\\\/\\\/moblesllombart.com\\\/wp-content\\\/uploads\\\/2019\\\/01\\\/mobles-llombart-1.svg\",\"contentUrl\":\"https:\\\/\\\/moblesllombart.com\\\/wp-content\\\/uploads\\\/2019\\\/01\\\/mobles-llombart-1.svg\",\"caption\":\"Muebles Llombart\"},\"image\":{\"@id\":\"https:\\\/\\\/moblesllombart.com\\\/es\\\/#\\\/schema\\\/logo\\\/image\\\/\"},\"sameAs\":[\"https:\\\/\\\/www.instagram.com\\\/moblesllombart\\\/\"]}]}<\/script>\n<!-- \/ Yoast SEO plugin. -->","yoast_head_json":{"title":"Muebles sal\u00f3n comedor Puigcerda - Muebles Llombart","description":"Tienda de muebles de sal\u00f3n comedor en Puigcerd\u00e0. En Mobles LLombart encontrar\u00e0 mesas y sillas r\u00fasticas y modernas, muebles TV, calidad y funcionalidad.","robots":{"index":"index","follow":"follow","max-snippet":"max-snippet:-1","max-image-preview":"max-image-preview:large","max-video-preview":"max-video-preview:-1"},"canonical":"https:\/\/moblesllombart.com\/es\/muebles-salon-comedor-puigcerda\/","og_locale":"es_ES","og_type":"article","og_title":"Muebles sal\u00f3n comedor Puigcerda - Muebles Llombart","og_description":"Tienda de muebles de sal\u00f3n comedor en Puigcerd\u00e0. En Mobles LLombart encontrar\u00e0 mesas y sillas r\u00fasticas y modernas, muebles TV, calidad y funcionalidad.","og_url":"https:\/\/moblesllombart.com\/es\/muebles-salon-comedor-puigcerda\/","og_site_name":"Muebles Llombart","article_modified_time":"2021-01-04T09:43:07+00:00","og_image":[{"width":900,"height":675,"url":"https:\/\/moblesllombart.com\/wp-content\/uploads\/2019\/01\/mobles-menjador-puigcerda.jpg","type":"image\/jpeg"}],"twitter_card":"summary_large_image","twitter_misc":{"Tiempo de lectura":"1 minuto"},"schema":{"@context":"https:\/\/schema.org","@graph":[{"@type":"WebPage","@id":"https:\/\/moblesllombart.com\/es\/muebles-salon-comedor-puigcerda\/","url":"https:\/\/moblesllombart.com\/es\/muebles-salon-comedor-puigcerda\/","name":"Muebles sal\u00f3n comedor Puigcerda - Muebles Llombart","isPartOf":{"@id":"https:\/\/moblesllombart.com\/es\/#website"},"primaryImageOfPage":{"@id":"https:\/\/moblesllombart.com\/es\/muebles-salon-comedor-puigcerda\/#primaryimage"},"image":{"@id":"https:\/\/moblesllombart.com\/es\/muebles-salon-comedor-puigcerda\/#primaryimage"},"thumbnailUrl":"https:\/\/moblesllombart.com\/wp-content\/uploads\/2019\/01\/mobles-menjador-puigcerda.jpg","datePublished":"2019-01-11T11:30:07+00:00","dateModified":"2021-01-04T09:43:07+00:00","description":"Tienda de muebles de sal\u00f3n comedor en Puigcerd\u00e0. En Mobles LLombart encontrar\u00e0 mesas y sillas r\u00fasticas y modernas, muebles TV, calidad y funcionalidad.","breadcrumb":{"@id":"https:\/\/moblesllombart.com\/es\/muebles-salon-comedor-puigcerda\/#breadcrumb"},"inLanguage":"es","potentialAction":[{"@type":"ReadAction","target":["https:\/\/moblesllombart.com\/es\/muebles-salon-comedor-puigcerda\/"]}]},{"@type":"ImageObject","inLanguage":"es","@id":"https:\/\/moblesllombart.com\/es\/muebles-salon-comedor-puigcerda\/#primaryimage","url":"https:\/\/moblesllombart.com\/wp-content\/uploads\/2019\/01\/mobles-menjador-puigcerda.jpg","contentUrl":"https:\/\/moblesllombart.com\/wp-content\/uploads\/2019\/01\/mobles-menjador-puigcerda.jpg","width":900,"height":675,"caption":"Mobles menjador Puigcerda"},{"@type":"BreadcrumbList","@id":"https:\/\/moblesllombart.com\/es\/muebles-salon-comedor-puigcerda\/#breadcrumb","itemListElement":[{"@type":"ListItem","position":1,"name":"Inici","item":"https:\/\/moblesllombart.com\/es\/"},{"@type":"ListItem","position":2,"name":"Sal\u00f3n comedor"}]},{"@type":"WebSite","@id":"https:\/\/moblesllombart.com\/es\/#website","url":"https:\/\/moblesllombart.com\/es\/","name":"Muebles Llombart","description":"Muebles y Colchones Puigcerd\u00e1 - Cerdanya","publisher":{"@id":"https:\/\/moblesllombart.com\/es\/#organization"},"potentialAction":[{"@type":"SearchAction","target":{"@type":"EntryPoint","urlTemplate":"https:\/\/moblesllombart.com\/es\/?s={search_term_string}"},"query-input":{"@type":"PropertyValueSpecification","valueRequired":true,"valueName":"search_term_string"}}],"inLanguage":"es"},{"@type":"Organization","@id":"https:\/\/moblesllombart.com\/es\/#organization","name":"Muebles Llombart","url":"https:\/\/moblesllombart.com\/es\/","logo":{"@type":"ImageObject","inLanguage":"es","@id":"https:\/\/moblesllombart.com\/es\/#\/schema\/logo\/image\/","url":"https:\/\/moblesllombart.com\/wp-content\/uploads\/2019\/01\/mobles-llombart-1.svg","contentUrl":"https:\/\/moblesllombart.com\/wp-content\/uploads\/2019\/01\/mobles-llombart-1.svg","caption":"Muebles Llombart"},"image":{"@id":"https:\/\/moblesllombart.com\/es\/#\/schema\/logo\/image\/"},"sameAs":["https:\/\/www.instagram.com\/moblesllombart\/"]}]}},"_links":{"self":[{"href":"https:\/\/moblesllombart.com\/es\/wp-json\/wp\/v2\/pages\/429","targetHints":{"allow":["GET"]}}],"collection":[{"href":"https:\/\/moblesllombart.com\/es\/wp-json\/wp\/v2\/pages"}],"about":[{"href":"https:\/\/moblesllombart.com\/es\/wp-json\/wp\/v2\/types\/page"}],"author":[{"embeddable":true,"href":"https:\/\/moblesllombart.com\/es\/wp-json\/wp\/v2\/users\/1"}],"replies":[{"embeddable":true,"href":"https:\/\/moblesllombart.com\/es\/wp-json\/wp\/v2\/comments?post=429"}],"version-history":[{"count":0,"href":"https:\/\/moblesllombart.com\/es\/wp-json\/wp\/v2\/pages\/429\/revisions"}],"wp:featuredmedia":[{"embeddable":true,"href":"https:\/\/moblesllombart.com\/es\/wp-json\/wp\/v2\/media\/413"}],"wp:attachment":[{"href":"https:\/\/moblesllombart.com\/es\/wp-json\/wp\/v2\/media?parent=429"}],"curies":[{"name":"wp","href":"https:\/\/api.w.org\/{rel}","templated":true}]}}