{"id":310,"date":"2019-01-09T13:31:31","date_gmt":"2019-01-09T11:31:31","guid":{"rendered":"https:\/\/moblesllombart.com\/?page_id=310"},"modified":"2020-04-03T12:43:07","modified_gmt":"2020-04-03T10:43:07","slug":"tienda-colchones-puigcerda","status":"publish","type":"page","link":"https:\/\/moblesllombart.com\/es\/tienda-colchones-puigcerda\/","title":{"rendered":"Colchones"},"content":{"rendered":"\n<div class=\"wp-block-columns has-2-columns is-layout-flex wp-container-core-columns-is-layout-9d6595d7 wp-block-columns-is-layout-flex\">\n<div class=\"wp-block-column is-layout-flow wp-block-column-is-layout-flow\">\n<p>En Muebles Llombart encontrar\u00e1 una ampl\u00eda variedad de Colchones donde podr\u00e1 escoger el colch\u00f3n ideal para su descanso.<\/p>\n\n\n\n<p>Disponemos de un cat\u00e1logo con colchones de diferentes medidas y materiales, como <strong>muelles ensacados, viscoel\u00e1stica, espuma HR y l\u00e1tex<\/strong> para encontrar el colch\u00f3n que mejor se adapte a su cuerpo.<\/p>\n\n\n\n<p>En Muebles Llombart lo asesoramos sobre la dureza ideal de su colch\u00f3n, el mejor material para sus necesidades para mejorar la transpirabilitat, higiene o presencia de \u00e1caros. Nos tomamos muy seriamente su descanso y queremos que disfrute de un descanso confortable durante a\u00f1os.<\/p>\n\n\n\n<p>Trabajamos con algunas de las <strong>mejores marcas del mercado como Flex y Pikolin<\/strong>, colchones que incorporan las \u00faltimas tecnolog\u00edas y con una fant\u00e1stica relaci\u00f3n calidad\/precio.<\/p>\n\n\n\n<p>En nuestra exposici\u00f3n podr\u00e1 probar de primera mano la mayor\u00eda de nuestro cat\u00e1logo y ser asesorado por profesionales sin ning\u00fan compromiso.<\/p>\n\n\n\n<p>Disponemos tambi\u00e9n de <strong>almohadas<\/strong> para conseguir el apoyo que necesita nuestra cabeza y cervicales para obtener un descanso \u00f3ptimo. Con diferentes grosores y dureza, la almohada es el complemento ideal para conseguir un sue\u00f1o reparador.<\/p>\n\n\n\n<div class=\"wp-block-button aligncenter is-style-squared\"><a class=\"wp-block-button__link\" href=\"https:\/\/moblesllombart.com\/es\/contacto\/\">CONTACTAR PARA M\u00c1S INFORMACI\u00d3N<\/a><\/div>\n\n\n\n<div style=\"height:50px\" aria-hidden=\"true\" class=\"wp-block-spacer\"><\/div>\n\n\n\n<p><\/p>\n<\/div>\n\n\n\n<div class=\"wp-block-column is-layout-flow wp-block-column-is-layout-flow\">\n<figure class=\"wp-block-gallery columns-2 is-cropped wp-block-gallery-1 is-layout-flex wp-block-gallery-is-layout-flex\"><ul class=\"blocks-gallery-grid\"><li class=\"blocks-gallery-item\"><figure><img loading=\"lazy\" decoding=\"async\" width=\"800\" height=\"611\" src=\"https:\/\/moblesllombart.com\/wp-content\/uploads\/2019\/01\/colchoneria-puigcerda.jpg\" alt=\"\" data-id=\"302\" data-link=\"https:\/\/moblesllombart.com\/es\/?attachment_id=302#main\" class=\"wp-image-302\" srcset=\"https:\/\/moblesllombart.com\/wp-content\/uploads\/2019\/01\/colchoneria-puigcerda.jpg 800w, https:\/\/moblesllombart.com\/wp-content\/uploads\/2019\/01\/colchoneria-puigcerda-300x229.jpg 300w, https:\/\/moblesllombart.com\/wp-content\/uploads\/2019\/01\/colchoneria-puigcerda-768x587.jpg 768w\" sizes=\"auto, (max-width: 800px) 100vw, 800px\" \/><\/figure><\/li><li class=\"blocks-gallery-item\"><figure><img loading=\"lazy\" decoding=\"async\" width=\"800\" height=\"600\" src=\"https:\/\/moblesllombart.com\/wp-content\/uploads\/2019\/01\/botiga-matalassos-puigcerda.jpg\" alt=\"\" data-id=\"300\" data-link=\"https:\/\/moblesllombart.com\/es\/?attachment_id=300#main\" class=\"wp-image-300\" srcset=\"https:\/\/moblesllombart.com\/wp-content\/uploads\/2019\/01\/botiga-matalassos-puigcerda.jpg 800w, https:\/\/moblesllombart.com\/wp-content\/uploads\/2019\/01\/botiga-matalassos-puigcerda-300x225.jpg 300w, https:\/\/moblesllombart.com\/wp-content\/uploads\/2019\/01\/botiga-matalassos-puigcerda-768x576.jpg 768w\" sizes=\"auto, (max-width: 800px) 100vw, 800px\" \/><\/figure><\/li><li class=\"blocks-gallery-item\"><figure><img loading=\"lazy\" decoding=\"async\" width=\"800\" height=\"612\" src=\"https:\/\/moblesllombart.com\/wp-content\/uploads\/2019\/01\/colchones-baratos-puigcerda.jpg\" alt=\"\" data-id=\"304\" data-link=\"https:\/\/moblesllombart.com\/es\/?attachment_id=304#main\" class=\"wp-image-304\" srcset=\"https:\/\/moblesllombart.com\/wp-content\/uploads\/2019\/01\/colchones-baratos-puigcerda.jpg 800w, https:\/\/moblesllombart.com\/wp-content\/uploads\/2019\/01\/colchones-baratos-puigcerda-300x230.jpg 300w, https:\/\/moblesllombart.com\/wp-content\/uploads\/2019\/01\/colchones-baratos-puigcerda-768x588.jpg 768w\" sizes=\"auto, (max-width: 800px) 100vw, 800px\" \/><\/figure><\/li><li class=\"blocks-gallery-item\"><figure><img loading=\"lazy\" decoding=\"async\" width=\"800\" height=\"600\" src=\"https:\/\/moblesllombart.com\/wp-content\/uploads\/2019\/01\/matalasseria-puigcerda.jpg\" alt=\"\" data-id=\"306\" data-link=\"https:\/\/moblesllombart.com\/es\/?attachment_id=306#main\" class=\"wp-image-306\" srcset=\"https:\/\/moblesllombart.com\/wp-content\/uploads\/2019\/01\/matalasseria-puigcerda.jpg 800w, https:\/\/moblesllombart.com\/wp-content\/uploads\/2019\/01\/matalasseria-puigcerda-300x225.jpg 300w, https:\/\/moblesllombart.com\/wp-content\/uploads\/2019\/01\/matalasseria-puigcerda-768x576.jpg 768w\" sizes=\"auto, (max-width: 800px) 100vw, 800px\" \/><\/figure><\/li><li class=\"blocks-gallery-item\"><figure><img loading=\"lazy\" decoding=\"async\" width=\"800\" height=\"600\" src=\"https:\/\/moblesllombart.com\/wp-content\/uploads\/2019\/01\/tienda-colchones-puigcerda.jpg\" alt=\"\" data-id=\"308\" data-link=\"https:\/\/moblesllombart.com\/es\/?attachment_id=308#main\" class=\"wp-image-308\" srcset=\"https:\/\/moblesllombart.com\/wp-content\/uploads\/2019\/01\/tienda-colchones-puigcerda.jpg 800w, https:\/\/moblesllombart.com\/wp-content\/uploads\/2019\/01\/tienda-colchones-puigcerda-300x225.jpg 300w, https:\/\/moblesllombart.com\/wp-content\/uploads\/2019\/01\/tienda-colchones-puigcerda-768x576.jpg 768w\" sizes=\"auto, (max-width: 800px) 100vw, 800px\" \/><\/figure><\/li><\/ul><\/figure>\n<\/div>\n<\/div>\n","protected":false},"excerpt":{"rendered":"<p>En Muebles Llombart encontrar\u00e1 una ampl\u00eda variedad de Colchones donde podr\u00e1 escoger el colch\u00f3n ideal para su descanso. Disponemos de un cat\u00e1logo con colchones de diferentes medidas y materiales, como muelles ensacados, viscoel\u00e1stica, espuma HR y l\u00e1tex para encontrar el colch\u00f3n que mejor se adapte a su cuerpo. En Muebles Llombart lo asesoramos sobre la &#8230; <a title=\"Colchones\" class=\"read-more\" href=\"https:\/\/moblesllombart.com\/es\/tienda-colchones-puigcerda\/\" aria-label=\"Leer m\u00e1s sobre Colchones\">Leer m\u00e1s<\/a><\/p>\n","protected":false},"author":1,"featured_media":306,"parent":0,"menu_order":0,"comment_status":"closed","ping_status":"closed","template":"","meta":{"footnotes":""},"class_list":["post-310","page","type-page","status-publish","has-post-thumbnail"],"yoast_head":"<!-- This site is optimized with the Yoast SEO plugin v27.5 - https:\/\/yoast.com\/product\/yoast-seo-wordpress\/ -->\n<title>Tienda de colchones en Puigcerd\u00e0 - Muebles Llombart<\/title>\n<meta name=\"description\" content=\"Tienda de colchones en Puigcerd\u00e0, colchones baratos y de calidad en Puigcerd\u00e0. Todo para el descanso. Muelles ensacados, viscoel\u00e1stica, espuma HR y l\u00e1tex.\" \/>\n<meta name=\"robots\" content=\"index, follow, max-snippet:-1, max-image-preview:large, max-video-preview:-1\" \/>\n<link rel=\"canonical\" href=\"https:\/\/moblesllombart.com\/es\/tienda-colchones-puigcerda\/\" \/>\n<meta property=\"og:locale\" content=\"es_ES\" \/>\n<meta property=\"og:type\" content=\"article\" \/>\n<meta property=\"og:title\" content=\"Tienda de colchones en Puigcerd\u00e0 - Muebles Llombart\" \/>\n<meta property=\"og:description\" content=\"Tienda de colchones en Puigcerd\u00e0, colchones baratos y de calidad en Puigcerd\u00e0. Todo para el descanso. Muelles ensacados, viscoel\u00e1stica, espuma HR y l\u00e1tex.\" \/>\n<meta property=\"og:url\" content=\"https:\/\/moblesllombart.com\/es\/tienda-colchones-puigcerda\/\" \/>\n<meta property=\"og:site_name\" content=\"Muebles Llombart\" \/>\n<meta property=\"article:modified_time\" content=\"2020-04-03T10:43:07+00:00\" \/>\n<meta property=\"og:image\" content=\"https:\/\/moblesllombart.com\/wp-content\/uploads\/2019\/01\/matalasseria-puigcerda.jpg\" \/>\n\t<meta property=\"og:image:width\" content=\"800\" \/>\n\t<meta property=\"og:image:height\" content=\"600\" \/>\n\t<meta property=\"og:image:type\" content=\"image\/jpeg\" \/>\n<meta name=\"twitter:card\" content=\"summary_large_image\" \/>\n<meta name=\"twitter:label1\" content=\"Tiempo de lectura\" \/>\n\t<meta name=\"twitter:data1\" content=\"1 minuto\" \/>\n<script type=\"application\/ld+json\" class=\"yoast-schema-graph\">{\"@context\":\"https:\\\/\\\/schema.org\",\"@graph\":[{\"@type\":\"WebPage\",\"@id\":\"https:\\\/\\\/moblesllombart.com\\\/es\\\/tienda-colchones-puigcerda\\\/\",\"url\":\"https:\\\/\\\/moblesllombart.com\\\/es\\\/tienda-colchones-puigcerda\\\/\",\"name\":\"Tienda de colchones en Puigcerd\u00e0 - Muebles Llombart\",\"isPartOf\":{\"@id\":\"https:\\\/\\\/moblesllombart.com\\\/es\\\/#website\"},\"primaryImageOfPage\":{\"@id\":\"https:\\\/\\\/moblesllombart.com\\\/es\\\/tienda-colchones-puigcerda\\\/#primaryimage\"},\"image\":{\"@id\":\"https:\\\/\\\/moblesllombart.com\\\/es\\\/tienda-colchones-puigcerda\\\/#primaryimage\"},\"thumbnailUrl\":\"https:\\\/\\\/moblesllombart.com\\\/wp-content\\\/uploads\\\/2019\\\/01\\\/matalasseria-puigcerda.jpg\",\"datePublished\":\"2019-01-09T11:31:31+00:00\",\"dateModified\":\"2020-04-03T10:43:07+00:00\",\"description\":\"Tienda de colchones en Puigcerd\u00e0, colchones baratos y de calidad en Puigcerd\u00e0. Todo para el descanso. Muelles ensacados, viscoel\u00e1stica, espuma HR y l\u00e1tex.\",\"breadcrumb\":{\"@id\":\"https:\\\/\\\/moblesllombart.com\\\/es\\\/tienda-colchones-puigcerda\\\/#breadcrumb\"},\"inLanguage\":\"es\",\"potentialAction\":[{\"@type\":\"ReadAction\",\"target\":[\"https:\\\/\\\/moblesllombart.com\\\/es\\\/tienda-colchones-puigcerda\\\/\"]}]},{\"@type\":\"ImageObject\",\"inLanguage\":\"es\",\"@id\":\"https:\\\/\\\/moblesllombart.com\\\/es\\\/tienda-colchones-puigcerda\\\/#primaryimage\",\"url\":\"https:\\\/\\\/moblesllombart.com\\\/wp-content\\\/uploads\\\/2019\\\/01\\\/matalasseria-puigcerda.jpg\",\"contentUrl\":\"https:\\\/\\\/moblesllombart.com\\\/wp-content\\\/uploads\\\/2019\\\/01\\\/matalasseria-puigcerda.jpg\",\"width\":800,\"height\":600},{\"@type\":\"BreadcrumbList\",\"@id\":\"https:\\\/\\\/moblesllombart.com\\\/es\\\/tienda-colchones-puigcerda\\\/#breadcrumb\",\"itemListElement\":[{\"@type\":\"ListItem\",\"position\":1,\"name\":\"Inici\",\"item\":\"https:\\\/\\\/moblesllombart.com\\\/es\\\/\"},{\"@type\":\"ListItem\",\"position\":2,\"name\":\"Colchones\"}]},{\"@type\":\"WebSite\",\"@id\":\"https:\\\/\\\/moblesllombart.com\\\/es\\\/#website\",\"url\":\"https:\\\/\\\/moblesllombart.com\\\/es\\\/\",\"name\":\"Muebles Llombart\",\"description\":\"Muebles y Colchones Puigcerd\u00e1 - Cerdanya\",\"publisher\":{\"@id\":\"https:\\\/\\\/moblesllombart.com\\\/es\\\/#organization\"},\"potentialAction\":[{\"@type\":\"SearchAction\",\"target\":{\"@type\":\"EntryPoint\",\"urlTemplate\":\"https:\\\/\\\/moblesllombart.com\\\/es\\\/?s={search_term_string}\"},\"query-input\":{\"@type\":\"PropertyValueSpecification\",\"valueRequired\":true,\"valueName\":\"search_term_string\"}}],\"inLanguage\":\"es\"},{\"@type\":\"Organization\",\"@id\":\"https:\\\/\\\/moblesllombart.com\\\/es\\\/#organization\",\"name\":\"Muebles Llombart\",\"url\":\"https:\\\/\\\/moblesllombart.com\\\/es\\\/\",\"logo\":{\"@type\":\"ImageObject\",\"inLanguage\":\"es\",\"@id\":\"https:\\\/\\\/moblesllombart.com\\\/es\\\/#\\\/schema\\\/logo\\\/image\\\/\",\"url\":\"https:\\\/\\\/moblesllombart.com\\\/wp-content\\\/uploads\\\/2019\\\/01\\\/mobles-llombart-1.svg\",\"contentUrl\":\"https:\\\/\\\/moblesllombart.com\\\/wp-content\\\/uploads\\\/2019\\\/01\\\/mobles-llombart-1.svg\",\"caption\":\"Muebles Llombart\"},\"image\":{\"@id\":\"https:\\\/\\\/moblesllombart.com\\\/es\\\/#\\\/schema\\\/logo\\\/image\\\/\"},\"sameAs\":[\"https:\\\/\\\/www.instagram.com\\\/moblesllombart\\\/\"]}]}<\/script>\n<!-- \/ Yoast SEO plugin. -->","yoast_head_json":{"title":"Tienda de colchones en Puigcerd\u00e0 - Muebles Llombart","description":"Tienda de colchones en Puigcerd\u00e0, colchones baratos y de calidad en Puigcerd\u00e0. Todo para el descanso. Muelles ensacados, viscoel\u00e1stica, espuma HR y l\u00e1tex.","robots":{"index":"index","follow":"follow","max-snippet":"max-snippet:-1","max-image-preview":"max-image-preview:large","max-video-preview":"max-video-preview:-1"},"canonical":"https:\/\/moblesllombart.com\/es\/tienda-colchones-puigcerda\/","og_locale":"es_ES","og_type":"article","og_title":"Tienda de colchones en Puigcerd\u00e0 - Muebles Llombart","og_description":"Tienda de colchones en Puigcerd\u00e0, colchones baratos y de calidad en Puigcerd\u00e0. Todo para el descanso. Muelles ensacados, viscoel\u00e1stica, espuma HR y l\u00e1tex.","og_url":"https:\/\/moblesllombart.com\/es\/tienda-colchones-puigcerda\/","og_site_name":"Muebles Llombart","article_modified_time":"2020-04-03T10:43:07+00:00","og_image":[{"width":800,"height":600,"url":"https:\/\/moblesllombart.com\/wp-content\/uploads\/2019\/01\/matalasseria-puigcerda.jpg","type":"image\/jpeg"}],"twitter_card":"summary_large_image","twitter_misc":{"Tiempo de lectura":"1 minuto"},"schema":{"@context":"https:\/\/schema.org","@graph":[{"@type":"WebPage","@id":"https:\/\/moblesllombart.com\/es\/tienda-colchones-puigcerda\/","url":"https:\/\/moblesllombart.com\/es\/tienda-colchones-puigcerda\/","name":"Tienda de colchones en Puigcerd\u00e0 - Muebles Llombart","isPartOf":{"@id":"https:\/\/moblesllombart.com\/es\/#website"},"primaryImageOfPage":{"@id":"https:\/\/moblesllombart.com\/es\/tienda-colchones-puigcerda\/#primaryimage"},"image":{"@id":"https:\/\/moblesllombart.com\/es\/tienda-colchones-puigcerda\/#primaryimage"},"thumbnailUrl":"https:\/\/moblesllombart.com\/wp-content\/uploads\/2019\/01\/matalasseria-puigcerda.jpg","datePublished":"2019-01-09T11:31:31+00:00","dateModified":"2020-04-03T10:43:07+00:00","description":"Tienda de colchones en Puigcerd\u00e0, colchones baratos y de calidad en Puigcerd\u00e0. Todo para el descanso. Muelles ensacados, viscoel\u00e1stica, espuma HR y l\u00e1tex.","breadcrumb":{"@id":"https:\/\/moblesllombart.com\/es\/tienda-colchones-puigcerda\/#breadcrumb"},"inLanguage":"es","potentialAction":[{"@type":"ReadAction","target":["https:\/\/moblesllombart.com\/es\/tienda-colchones-puigcerda\/"]}]},{"@type":"ImageObject","inLanguage":"es","@id":"https:\/\/moblesllombart.com\/es\/tienda-colchones-puigcerda\/#primaryimage","url":"https:\/\/moblesllombart.com\/wp-content\/uploads\/2019\/01\/matalasseria-puigcerda.jpg","contentUrl":"https:\/\/moblesllombart.com\/wp-content\/uploads\/2019\/01\/matalasseria-puigcerda.jpg","width":800,"height":600},{"@type":"BreadcrumbList","@id":"https:\/\/moblesllombart.com\/es\/tienda-colchones-puigcerda\/#breadcrumb","itemListElement":[{"@type":"ListItem","position":1,"name":"Inici","item":"https:\/\/moblesllombart.com\/es\/"},{"@type":"ListItem","position":2,"name":"Colchones"}]},{"@type":"WebSite","@id":"https:\/\/moblesllombart.com\/es\/#website","url":"https:\/\/moblesllombart.com\/es\/","name":"Muebles Llombart","description":"Muebles y Colchones Puigcerd\u00e1 - Cerdanya","publisher":{"@id":"https:\/\/moblesllombart.com\/es\/#organization"},"potentialAction":[{"@type":"SearchAction","target":{"@type":"EntryPoint","urlTemplate":"https:\/\/moblesllombart.com\/es\/?s={search_term_string}"},"query-input":{"@type":"PropertyValueSpecification","valueRequired":true,"valueName":"search_term_string"}}],"inLanguage":"es"},{"@type":"Organization","@id":"https:\/\/moblesllombart.com\/es\/#organization","name":"Muebles Llombart","url":"https:\/\/moblesllombart.com\/es\/","logo":{"@type":"ImageObject","inLanguage":"es","@id":"https:\/\/moblesllombart.com\/es\/#\/schema\/logo\/image\/","url":"https:\/\/moblesllombart.com\/wp-content\/uploads\/2019\/01\/mobles-llombart-1.svg","contentUrl":"https:\/\/moblesllombart.com\/wp-content\/uploads\/2019\/01\/mobles-llombart-1.svg","caption":"Muebles Llombart"},"image":{"@id":"https:\/\/moblesllombart.com\/es\/#\/schema\/logo\/image\/"},"sameAs":["https:\/\/www.instagram.com\/moblesllombart\/"]}]}},"_links":{"self":[{"href":"https:\/\/moblesllombart.com\/es\/wp-json\/wp\/v2\/pages\/310","targetHints":{"allow":["GET"]}}],"collection":[{"href":"https:\/\/moblesllombart.com\/es\/wp-json\/wp\/v2\/pages"}],"about":[{"href":"https:\/\/moblesllombart.com\/es\/wp-json\/wp\/v2\/types\/page"}],"author":[{"embeddable":true,"href":"https:\/\/moblesllombart.com\/es\/wp-json\/wp\/v2\/users\/1"}],"replies":[{"embeddable":true,"href":"https:\/\/moblesllombart.com\/es\/wp-json\/wp\/v2\/comments?post=310"}],"version-history":[{"count":0,"href":"https:\/\/moblesllombart.com\/es\/wp-json\/wp\/v2\/pages\/310\/revisions"}],"wp:featuredmedia":[{"embeddable":true,"href":"https:\/\/moblesllombart.com\/es\/wp-json\/wp\/v2\/media\/306"}],"wp:attachment":[{"href":"https:\/\/moblesllombart.com\/es\/wp-json\/wp\/v2\/media?parent=310"}],"curies":[{"name":"wp","href":"https:\/\/api.w.org\/{rel}","templated":true}]}}