{"id":265,"date":"2019-01-08T13:50:32","date_gmt":"2019-01-08T11:50:32","guid":{"rendered":"https:\/\/moblesllombart.com\/botiga-mobles-matalassos-puigcerda\/"},"modified":"2020-11-11T13:27:41","modified_gmt":"2020-11-11T11:27:41","slug":"tienda-muebles-colchones-puigcerda","status":"publish","type":"page","link":"https:\/\/moblesllombart.com\/es\/tienda-muebles-colchones-puigcerda\/","title":{"rendered":"Qui\u00e9nes somos"},"content":{"rendered":"\n<div class=\"wp-block-columns has-2-columns is-layout-flex wp-container-core-columns-is-layout-9d6595d7 wp-block-columns-is-layout-flex\">\n<div class=\"wp-block-column is-layout-flow wp-block-column-is-layout-flow\">\n<p><strong>Muebles Llombart<\/strong> somos una empresa con m\u00e1s de cuarenta a\u00f1os de experiencia en el sector del mobiliario para el hogar y colchoner\u00eda. Actualmente la empresa est\u00e1 dirigida por la segunda generaci\u00f3n, manteniendo la atenci\u00f3n profesional y personalizada que nos ha caracterizado desde nuestra fundaci\u00f3n.<\/p>\n\n\n\n<p>Disponemos de una <strong>tienda en Puigcerd\u00e1, en la Cerdanya, con m\u00e1s de 600 m2<\/strong> de exposici\u00f3n donde podr\u00e1 ver una ampl\u00eda gamma de nuestros muebles para el hogar (mesas, sillas, sof\u00e1s, escaparates, muebles TV, armarios, estanter\u00edas y mobiliario de jard\u00edn). Tambi\u00e9n disponemos de una ampl\u00eda gama de productos para su mejor descanso (camas, literas, colchones, canap\u00e9s y almohadas).<\/p>\n\n\n\n<p>Nuestra exposici\u00f3n se renueva constantemente, buscando las mejores marcas y la <strong>mejor relaci\u00f3n calidad\/precio<\/strong>. En Muebles Llombart encontrar\u00e1 productos de calidad, funcionales y con estilos variados, r\u00fastico y moderno para decorar su hogar.<\/p>\n\n\n\n<p>La experiencia de nuestro equipo nos permite ofrecerle una atenci\u00f3n personalizada y el asesoramiento necesario para escoger los productos mejor adaptados a sus necesidades. En caso de que lo desee podemos realizar proyectos de decoraci\u00f3n e interiorismo a medida. Lo atendemos en castellano, catal\u00e1n y franc\u00e9s.<\/p>\n\n\n\n<p>Disponemos de servicio propio de transporte y montaje, donde nuestros expertos profesionales se encargar\u00e1n de gestionar su pedido con la seriedad y calidad que nos define.<\/p>\n<\/div>\n\n\n\n<div class=\"wp-block-column is-layout-flow wp-block-column-is-layout-flow\">\n<figure class=\"wp-block-image size-full\"><img loading=\"lazy\" decoding=\"async\" width=\"700\" height=\"875\" src=\"https:\/\/moblesllombart.com\/wp-content\/uploads\/2020\/11\/botiga-mobles-puigcerda-cerdanya.jpg\" alt=\"Mobles LLombart. Mobiliario y Colchones. Puigcerd\u00e1, Cerdanya.\" class=\"wp-image-782\" srcset=\"https:\/\/moblesllombart.com\/wp-content\/uploads\/2020\/11\/botiga-mobles-puigcerda-cerdanya.jpg 700w, https:\/\/moblesllombart.com\/wp-content\/uploads\/2020\/11\/botiga-mobles-puigcerda-cerdanya-240x300.jpg 240w\" sizes=\"auto, (max-width: 700px) 100vw, 700px\" \/><\/figure>\n<\/div>\n<\/div>\n","protected":false},"excerpt":{"rendered":"<p>Muebles Llombart somos una empresa con m\u00e1s de cuarenta a\u00f1os de experiencia en el sector del mobiliario para el hogar y colchoner\u00eda. Actualmente la empresa est\u00e1 dirigida por la segunda generaci\u00f3n, manteniendo la atenci\u00f3n profesional y personalizada que nos ha caracterizado desde nuestra fundaci\u00f3n. Disponemos de una tienda en Puigcerd\u00e1, en la Cerdanya, con m\u00e1s &#8230; <a title=\"Qui\u00e9nes somos\" class=\"read-more\" href=\"https:\/\/moblesllombart.com\/es\/tienda-muebles-colchones-puigcerda\/\" aria-label=\"Leer m\u00e1s sobre Qui\u00e9nes somos\">Leer m\u00e1s<\/a><\/p>\n","protected":false},"author":1,"featured_media":0,"parent":0,"menu_order":0,"comment_status":"closed","ping_status":"closed","template":"","meta":{"footnotes":""},"class_list":["post-265","page","type-page","status-publish"],"yoast_head":"<!-- This site is optimized with the Yoast SEO plugin v27.4 - https:\/\/yoast.com\/product\/yoast-seo-wordpress\/ -->\n<title>Tienda de muebles y colchones en Puigcerd\u00e0 - Muebles Llombart<\/title>\n<meta name=\"description\" content=\"Muebles Llombart somos una tienda de muebles y colchones ubicada en Puigcerd\u00e1 (Cerda\u00f1a). M\u00e1s de cuarenta a\u00f1os de experiencia en mobiliario y colchones.\" \/>\n<meta name=\"robots\" content=\"index, follow, max-snippet:-1, max-image-preview:large, max-video-preview:-1\" \/>\n<link rel=\"canonical\" href=\"https:\/\/moblesllombart.com\/es\/tienda-muebles-colchones-puigcerda\/\" \/>\n<meta property=\"og:locale\" content=\"es_ES\" \/>\n<meta property=\"og:type\" content=\"article\" \/>\n<meta property=\"og:title\" content=\"Tienda de muebles y colchones en Puigcerd\u00e0 - Muebles Llombart\" \/>\n<meta property=\"og:description\" content=\"Muebles Llombart somos una tienda de muebles y colchones ubicada en Puigcerd\u00e1 (Cerda\u00f1a). M\u00e1s de cuarenta a\u00f1os de experiencia en mobiliario y colchones.\" \/>\n<meta property=\"og:url\" content=\"https:\/\/moblesllombart.com\/es\/tienda-muebles-colchones-puigcerda\/\" \/>\n<meta property=\"og:site_name\" content=\"Muebles Llombart\" \/>\n<meta property=\"article:modified_time\" content=\"2020-11-11T11:27:41+00:00\" \/>\n<meta property=\"og:image\" content=\"https:\/\/moblesllombart.com\/wp-content\/uploads\/2020\/11\/botiga-mobles-puigcerda-cerdanya.jpg\" \/>\n<meta name=\"twitter:card\" content=\"summary_large_image\" \/>\n<meta name=\"twitter:label1\" content=\"Tiempo de lectura\" \/>\n\t<meta name=\"twitter:data1\" content=\"1 minuto\" \/>\n<script type=\"application\/ld+json\" class=\"yoast-schema-graph\">{\"@context\":\"https:\\\/\\\/schema.org\",\"@graph\":[{\"@type\":\"WebPage\",\"@id\":\"https:\\\/\\\/moblesllombart.com\\\/es\\\/tienda-muebles-colchones-puigcerda\\\/\",\"url\":\"https:\\\/\\\/moblesllombart.com\\\/es\\\/tienda-muebles-colchones-puigcerda\\\/\",\"name\":\"Tienda de muebles y colchones en Puigcerd\u00e0 - Muebles Llombart\",\"isPartOf\":{\"@id\":\"https:\\\/\\\/moblesllombart.com\\\/es\\\/#website\"},\"primaryImageOfPage\":{\"@id\":\"https:\\\/\\\/moblesllombart.com\\\/es\\\/tienda-muebles-colchones-puigcerda\\\/#primaryimage\"},\"image\":{\"@id\":\"https:\\\/\\\/moblesllombart.com\\\/es\\\/tienda-muebles-colchones-puigcerda\\\/#primaryimage\"},\"thumbnailUrl\":\"https:\\\/\\\/moblesllombart.com\\\/wp-content\\\/uploads\\\/2020\\\/11\\\/botiga-mobles-puigcerda-cerdanya.jpg\",\"datePublished\":\"2019-01-08T11:50:32+00:00\",\"dateModified\":\"2020-11-11T11:27:41+00:00\",\"description\":\"Muebles Llombart somos una tienda de muebles y colchones ubicada en Puigcerd\u00e1 (Cerda\u00f1a). M\u00e1s de cuarenta a\u00f1os de experiencia en mobiliario y colchones.\",\"breadcrumb\":{\"@id\":\"https:\\\/\\\/moblesllombart.com\\\/es\\\/tienda-muebles-colchones-puigcerda\\\/#breadcrumb\"},\"inLanguage\":\"es\",\"potentialAction\":[{\"@type\":\"ReadAction\",\"target\":[\"https:\\\/\\\/moblesllombart.com\\\/es\\\/tienda-muebles-colchones-puigcerda\\\/\"]}]},{\"@type\":\"ImageObject\",\"inLanguage\":\"es\",\"@id\":\"https:\\\/\\\/moblesllombart.com\\\/es\\\/tienda-muebles-colchones-puigcerda\\\/#primaryimage\",\"url\":\"https:\\\/\\\/moblesllombart.com\\\/wp-content\\\/uploads\\\/2020\\\/11\\\/botiga-mobles-puigcerda-cerdanya.jpg\",\"contentUrl\":\"https:\\\/\\\/moblesllombart.com\\\/wp-content\\\/uploads\\\/2020\\\/11\\\/botiga-mobles-puigcerda-cerdanya.jpg\"},{\"@type\":\"BreadcrumbList\",\"@id\":\"https:\\\/\\\/moblesllombart.com\\\/es\\\/tienda-muebles-colchones-puigcerda\\\/#breadcrumb\",\"itemListElement\":[{\"@type\":\"ListItem\",\"position\":1,\"name\":\"Inici\",\"item\":\"https:\\\/\\\/moblesllombart.com\\\/es\\\/\"},{\"@type\":\"ListItem\",\"position\":2,\"name\":\"Qui\u00e9nes somos\"}]},{\"@type\":\"WebSite\",\"@id\":\"https:\\\/\\\/moblesllombart.com\\\/es\\\/#website\",\"url\":\"https:\\\/\\\/moblesllombart.com\\\/es\\\/\",\"name\":\"Muebles Llombart\",\"description\":\"Muebles y Colchones Puigcerd\u00e1 - Cerdanya\",\"publisher\":{\"@id\":\"https:\\\/\\\/moblesllombart.com\\\/es\\\/#organization\"},\"potentialAction\":[{\"@type\":\"SearchAction\",\"target\":{\"@type\":\"EntryPoint\",\"urlTemplate\":\"https:\\\/\\\/moblesllombart.com\\\/es\\\/?s={search_term_string}\"},\"query-input\":{\"@type\":\"PropertyValueSpecification\",\"valueRequired\":true,\"valueName\":\"search_term_string\"}}],\"inLanguage\":\"es\"},{\"@type\":\"Organization\",\"@id\":\"https:\\\/\\\/moblesllombart.com\\\/es\\\/#organization\",\"name\":\"Muebles Llombart\",\"url\":\"https:\\\/\\\/moblesllombart.com\\\/es\\\/\",\"logo\":{\"@type\":\"ImageObject\",\"inLanguage\":\"es\",\"@id\":\"https:\\\/\\\/moblesllombart.com\\\/es\\\/#\\\/schema\\\/logo\\\/image\\\/\",\"url\":\"https:\\\/\\\/moblesllombart.com\\\/wp-content\\\/uploads\\\/2019\\\/01\\\/mobles-llombart-1.svg\",\"contentUrl\":\"https:\\\/\\\/moblesllombart.com\\\/wp-content\\\/uploads\\\/2019\\\/01\\\/mobles-llombart-1.svg\",\"caption\":\"Muebles Llombart\"},\"image\":{\"@id\":\"https:\\\/\\\/moblesllombart.com\\\/es\\\/#\\\/schema\\\/logo\\\/image\\\/\"},\"sameAs\":[\"https:\\\/\\\/www.instagram.com\\\/moblesllombart\\\/\"]}]}<\/script>\n<!-- \/ Yoast SEO plugin. -->","yoast_head_json":{"title":"Tienda de muebles y colchones en Puigcerd\u00e0 - Muebles Llombart","description":"Muebles Llombart somos una tienda de muebles y colchones ubicada en Puigcerd\u00e1 (Cerda\u00f1a). M\u00e1s de cuarenta a\u00f1os de experiencia en mobiliario y colchones.","robots":{"index":"index","follow":"follow","max-snippet":"max-snippet:-1","max-image-preview":"max-image-preview:large","max-video-preview":"max-video-preview:-1"},"canonical":"https:\/\/moblesllombart.com\/es\/tienda-muebles-colchones-puigcerda\/","og_locale":"es_ES","og_type":"article","og_title":"Tienda de muebles y colchones en Puigcerd\u00e0 - Muebles Llombart","og_description":"Muebles Llombart somos una tienda de muebles y colchones ubicada en Puigcerd\u00e1 (Cerda\u00f1a). M\u00e1s de cuarenta a\u00f1os de experiencia en mobiliario y colchones.","og_url":"https:\/\/moblesllombart.com\/es\/tienda-muebles-colchones-puigcerda\/","og_site_name":"Muebles Llombart","article_modified_time":"2020-11-11T11:27:41+00:00","og_image":[{"url":"https:\/\/moblesllombart.com\/wp-content\/uploads\/2020\/11\/botiga-mobles-puigcerda-cerdanya.jpg","type":"","width":"","height":""}],"twitter_card":"summary_large_image","twitter_misc":{"Tiempo de lectura":"1 minuto"},"schema":{"@context":"https:\/\/schema.org","@graph":[{"@type":"WebPage","@id":"https:\/\/moblesllombart.com\/es\/tienda-muebles-colchones-puigcerda\/","url":"https:\/\/moblesllombart.com\/es\/tienda-muebles-colchones-puigcerda\/","name":"Tienda de muebles y colchones en Puigcerd\u00e0 - Muebles Llombart","isPartOf":{"@id":"https:\/\/moblesllombart.com\/es\/#website"},"primaryImageOfPage":{"@id":"https:\/\/moblesllombart.com\/es\/tienda-muebles-colchones-puigcerda\/#primaryimage"},"image":{"@id":"https:\/\/moblesllombart.com\/es\/tienda-muebles-colchones-puigcerda\/#primaryimage"},"thumbnailUrl":"https:\/\/moblesllombart.com\/wp-content\/uploads\/2020\/11\/botiga-mobles-puigcerda-cerdanya.jpg","datePublished":"2019-01-08T11:50:32+00:00","dateModified":"2020-11-11T11:27:41+00:00","description":"Muebles Llombart somos una tienda de muebles y colchones ubicada en Puigcerd\u00e1 (Cerda\u00f1a). M\u00e1s de cuarenta a\u00f1os de experiencia en mobiliario y colchones.","breadcrumb":{"@id":"https:\/\/moblesllombart.com\/es\/tienda-muebles-colchones-puigcerda\/#breadcrumb"},"inLanguage":"es","potentialAction":[{"@type":"ReadAction","target":["https:\/\/moblesllombart.com\/es\/tienda-muebles-colchones-puigcerda\/"]}]},{"@type":"ImageObject","inLanguage":"es","@id":"https:\/\/moblesllombart.com\/es\/tienda-muebles-colchones-puigcerda\/#primaryimage","url":"https:\/\/moblesllombart.com\/wp-content\/uploads\/2020\/11\/botiga-mobles-puigcerda-cerdanya.jpg","contentUrl":"https:\/\/moblesllombart.com\/wp-content\/uploads\/2020\/11\/botiga-mobles-puigcerda-cerdanya.jpg"},{"@type":"BreadcrumbList","@id":"https:\/\/moblesllombart.com\/es\/tienda-muebles-colchones-puigcerda\/#breadcrumb","itemListElement":[{"@type":"ListItem","position":1,"name":"Inici","item":"https:\/\/moblesllombart.com\/es\/"},{"@type":"ListItem","position":2,"name":"Qui\u00e9nes somos"}]},{"@type":"WebSite","@id":"https:\/\/moblesllombart.com\/es\/#website","url":"https:\/\/moblesllombart.com\/es\/","name":"Muebles Llombart","description":"Muebles y Colchones Puigcerd\u00e1 - Cerdanya","publisher":{"@id":"https:\/\/moblesllombart.com\/es\/#organization"},"potentialAction":[{"@type":"SearchAction","target":{"@type":"EntryPoint","urlTemplate":"https:\/\/moblesllombart.com\/es\/?s={search_term_string}"},"query-input":{"@type":"PropertyValueSpecification","valueRequired":true,"valueName":"search_term_string"}}],"inLanguage":"es"},{"@type":"Organization","@id":"https:\/\/moblesllombart.com\/es\/#organization","name":"Muebles Llombart","url":"https:\/\/moblesllombart.com\/es\/","logo":{"@type":"ImageObject","inLanguage":"es","@id":"https:\/\/moblesllombart.com\/es\/#\/schema\/logo\/image\/","url":"https:\/\/moblesllombart.com\/wp-content\/uploads\/2019\/01\/mobles-llombart-1.svg","contentUrl":"https:\/\/moblesllombart.com\/wp-content\/uploads\/2019\/01\/mobles-llombart-1.svg","caption":"Muebles Llombart"},"image":{"@id":"https:\/\/moblesllombart.com\/es\/#\/schema\/logo\/image\/"},"sameAs":["https:\/\/www.instagram.com\/moblesllombart\/"]}]}},"_links":{"self":[{"href":"https:\/\/moblesllombart.com\/es\/wp-json\/wp\/v2\/pages\/265","targetHints":{"allow":["GET"]}}],"collection":[{"href":"https:\/\/moblesllombart.com\/es\/wp-json\/wp\/v2\/pages"}],"about":[{"href":"https:\/\/moblesllombart.com\/es\/wp-json\/wp\/v2\/types\/page"}],"author":[{"embeddable":true,"href":"https:\/\/moblesllombart.com\/es\/wp-json\/wp\/v2\/users\/1"}],"replies":[{"embeddable":true,"href":"https:\/\/moblesllombart.com\/es\/wp-json\/wp\/v2\/comments?post=265"}],"version-history":[{"count":0,"href":"https:\/\/moblesllombart.com\/es\/wp-json\/wp\/v2\/pages\/265\/revisions"}],"wp:attachment":[{"href":"https:\/\/moblesllombart.com\/es\/wp-json\/wp\/v2\/media?parent=265"}],"curies":[{"name":"wp","href":"https:\/\/api.w.org\/{rel}","templated":true}]}}